{"id":545,"date":"2018-01-28T10:47:38","date_gmt":"2018-01-28T10:47:38","guid":{"rendered":"http:\/\/localhost\/eme\/?page_id=545"},"modified":"2026-04-03T14:03:15","modified_gmt":"2026-04-03T12:03:15","slug":"rendez-vous","status":"publish","type":"page","link":"https:\/\/cassandralemaistre.fr\/en\/rendez-vous\/","title":{"rendered":"PRENDRE RDV"},"content":{"rendered":"<div data-elementor-type=\"wp-page\" data-elementor-id=\"545\" class=\"elementor elementor-545\">\n\t\t\t\t\t\t<section class=\"elementor-section elementor-top-section elementor-element elementor-element-8f940f1 elementor-section-boxed elementor-section-height-default elementor-section-height-default\" data-id=\"8f940f1\" data-element_type=\"section\">\n\t\t\t\t\t\t<div class=\"elementor-container elementor-column-gap-default\">\n\t\t\t\t\t<div class=\"elementor-column elementor-col-100 elementor-top-column elementor-element elementor-element-49c9485\" data-id=\"49c9485\" data-element_type=\"column\">\n\t\t\t<div class=\"elementor-widget-wrap elementor-element-populated\">\n\t\t\t\t\t\t<div class=\"elementor-element elementor-element-f8c1bbc elementor-widget elementor-widget-text-editor\" data-id=\"f8c1bbc\" data-element_type=\"widget\" data-widget_type=\"text-editor.default\">\n\t\t\t\t<div class=\"elementor-widget-container\">\n\t\t\t\t\t\t\t<h3 style=\"text-align: center;\"><span style=\"color: #000000;\">La Cr\u00e9atrice vous habille et vous conseille. <\/span><\/h3><h3 style=\"text-align: center;\"><em><span style=\"color: #000000;\">B\u00e9n\u00e9ficiez d&rsquo;une pr\u00e9sentation exclusive de nos collections<\/span><\/em><\/h3>\t\t\t\t\t\t<\/div>\n\t\t\t\t<\/div>\n\t\t\t\t<div class=\"elementor-element elementor-element-d2d2924 elementor-widget elementor-widget-html\" data-id=\"d2d2924\" data-element_type=\"widget\" data-widget_type=\"html.default\">\n\t\t\t\t<div class=\"elementor-widget-container\">\n\t\t\t<!-- D\u00e9but de widget en ligne Calendly -->\n<div class=\"calendly-inline-widget\" data-url=\"https:\/\/calendly.com\/cassandralemaistre\/showroom?hide_gdpr_banner=1\" style=\"min-width:320px;height:700px;\"><\/div>\n<script type=\"text\/javascript\" src=\"https:\/\/assets.calendly.com\/assets\/external\/widget.js\" async><\/script>\n<!-- Fin de widget en ligne Calendly -->\t\t<\/div>\n\t\t\t\t<\/div>\n\t\t\t\t<div class=\"elementor-element elementor-element-73eecce elementor-widget-divider--view-line elementor-widget elementor-widget-divider\" data-id=\"73eecce\" data-element_type=\"widget\" data-widget_type=\"divider.default\">\n\t\t\t\t<div class=\"elementor-widget-container\">\n\t\t\t\t\t<div class=\"elementor-divider\">\n\t\t\t<span class=\"elementor-divider-separator\">\n\t\t\t\t\t\t<\/span>\n\t\t<\/div>\n\t\t\t\t<\/div>\n\t\t\t\t<\/div>\n\t\t\t\t<div class=\"elementor-element elementor-element-e73c374 elementor-widget elementor-widget-text-editor\" data-id=\"e73c374\" data-element_type=\"widget\" data-widget_type=\"text-editor.default\">\n\t\t\t\t<div class=\"elementor-widget-container\">\n\t\t\t\t\t\t\t<h1 style=\"text-align: center;\"><span style=\"color: #000000;\">Une question ? \u00c9crivez-nous<\/span><\/h1>\t\t\t\t\t\t<\/div>\n\t\t\t\t<\/div>\n\t\t\t\t<div class=\"elementor-element elementor-element-2986bfd elementor-widget elementor-widget-heading\" data-id=\"2986bfd\" data-element_type=\"widget\" data-widget_type=\"heading.default\">\n\t\t\t\t<div class=\"elementor-widget-container\">\n\t\t\t<h2 class=\"elementor-heading-title elementor-size-default\">Contact form<\/h2>\t\t<\/div>\n\t\t\t\t<\/div>\n\t\t\t\t<div class=\"elementor-element elementor-element-58ce10b elementor-widget elementor-widget-spacer\" data-id=\"58ce10b\" data-element_type=\"widget\" data-widget_type=\"spacer.default\">\n\t\t\t\t<div class=\"elementor-widget-container\">\n\t\t\t\t\t<div class=\"elementor-spacer\">\n\t\t\t<div class=\"elementor-spacer-inner\"><\/div>\n\t\t<\/div>\n\t\t\t\t<\/div>\n\t\t\t\t<\/div>\n\t\t\t\t\t<\/div>\n\t\t<\/div>\n\t\t\t\t\t<\/div>\n\t\t<\/section>\n\t\t\t\t<section class=\"elementor-section elementor-top-section elementor-element elementor-element-cdc179d elementor-section-boxed elementor-section-height-default elementor-section-height-default\" data-id=\"cdc179d\" data-element_type=\"section\">\n\t\t\t\t\t\t<div class=\"elementor-container elementor-column-gap-default\">\n\t\t\t\t\t<div class=\"elementor-column elementor-col-100 elementor-top-column elementor-element elementor-element-50e2bf3\" data-id=\"50e2bf3\" data-element_type=\"column\">\n\t\t\t<div class=\"elementor-widget-wrap elementor-element-populated\">\n\t\t\t\t\t\t<div class=\"elementor-element elementor-element-c5b5a8b elementor-widget elementor-widget-elementskit-contact-form7\" data-id=\"c5b5a8b\" data-element_type=\"widget\" data-widget_type=\"elementskit-contact-form7.default\">\n\t\t\t\t<div class=\"elementor-widget-container\">\n\t\t\t<div class=\"ekit-wid-con\" ><div class=\"ekit-form\">\n<div class=\"wpcf7 no-js\" id=\"wpcf7-f560-o1\" lang=\"en-US\" dir=\"ltr\">\n<div class=\"screen-reader-response\"><p role=\"status\" aria-live=\"polite\" aria-atomic=\"true\"><\/p> <ul><\/ul><\/div>\n<form action=\"\/wp-json\/wp\/v2\/pages\/545\" method=\"post\" class=\"wpcf7-form init\" aria-label=\"Contact form\" novalidate=\"novalidate\" data-status=\"init\" data-trp-original-action=\"\/en\/wp-json\/wp\/v2\/pages\/545#wpcf7-f560-o1\">\n<div style=\"display: none;\">\n<input type=\"hidden\" name=\"_wpcf7\" value=\"560\" \/>\n<input type=\"hidden\" name=\"_wpcf7_version\" value=\"5.9.8\" \/>\n<input type=\"hidden\" name=\"_wpcf7_locale\" value=\"en_US\" \/>\n<input type=\"hidden\" name=\"_wpcf7_unit_tag\" value=\"wpcf7-f560-o1\" \/>\n<input type=\"hidden\" name=\"_wpcf7_container_post\" value=\"0\" \/>\n<input type=\"hidden\" name=\"_wpcf7_posted_data_hash\" value=\"\" \/>\n<\/div>\n<div class=\"eme-contact-form row\">\n\t<div class=\"col-md-6\">\n\t\t<p><span class=\"wpcf7-form-control-wrap\" data-name=\"text-662\"><input size=\"40\" maxlength=\"400\" class=\"wpcf7-form-control wpcf7-text wpcf7-validates-as-required\" aria-required=\"true\" aria-invalid=\"false\" placeholder=\"Name*\" value=\"\" type=\"text\" name=\"text-662\" \/><\/span>\n\t\t<\/p>\n\t<\/div>\n\t<div class=\"col-md-6\">\n\t\t<p><span class=\"wpcf7-form-control-wrap\" data-name=\"email-760\"><input size=\"40\" maxlength=\"400\" class=\"wpcf7-form-control wpcf7-email wpcf7-validates-as-required wpcf7-text wpcf7-validates-as-email\" aria-required=\"true\" aria-invalid=\"false\" placeholder=\"Email*\" value=\"\" type=\"email\" name=\"email-760\" \/><\/span>\n\t\t<\/p>\n\t<\/div>\n\t<div class=\"col-md-12\">\n\t\t<p><span class=\"wpcf7-form-control-wrap\" data-name=\"text-495\"><input size=\"40\" maxlength=\"400\" class=\"wpcf7-form-control wpcf7-text wpcf7-validates-as-required\" aria-required=\"true\" aria-invalid=\"false\" placeholder=\"Objet*\" value=\"\" type=\"text\" name=\"text-495\" \/><\/span><br \/>\n<span class=\"wpcf7-form-control-wrap\" data-name=\"textarea-11\"><textarea cols=\"40\" rows=\"10\" maxlength=\"2000\" class=\"wpcf7-form-control wpcf7-textarea wpcf7-validates-as-required\" aria-required=\"true\" aria-invalid=\"false\" placeholder=\"Message\" name=\"textarea-11\"><\/textarea><\/span><br \/>\n<button type=\"submit\"  class=\"fv-btn\"><i class=\"icon-envelope icons\"><\/i>Send<\/button>\n\t\t<\/p>\n\t<\/div>\n<\/div><input type='hidden' class='wpcf7-pum' value='{\"closepopup\":false,\"closedelay\":0,\"openpopup\":false,\"openpopup_id\":0}' \/><div class=\"wpcf7-response-output\" aria-hidden=\"true\"><\/div>\n<input type=\"hidden\" name=\"trp-form-language\" value=\"en\"\/><\/form>\n<\/div>\n<\/div><\/div>\t\t<\/div>\n\t\t\t\t<\/div>\n\t\t\t\t\t<\/div>\n\t\t<\/div>\n\t\t\t\t\t<\/div>\n\t\t<\/section>\n\t\t\t\t<section class=\"elementor-section elementor-top-section elementor-element elementor-element-03824ec elementor-section-boxed elementor-section-height-default elementor-section-height-default\" data-id=\"03824ec\" data-element_type=\"section\">\n\t\t\t\t\t\t<div class=\"elementor-container elementor-column-gap-default\">\n\t\t\t\t\t<div class=\"elementor-column elementor-col-33 elementor-top-column elementor-element elementor-element-4881079\" data-id=\"4881079\" data-element_type=\"column\">\n\t\t\t<div class=\"elementor-widget-wrap elementor-element-populated\">\n\t\t\t\t\t\t<div class=\"elementor-element elementor-element-e19b714 elementor-hidden-desktop elementor-widget elementor-widget-spacer\" data-id=\"e19b714\" data-element_type=\"widget\" data-widget_type=\"spacer.default\">\n\t\t\t\t<div class=\"elementor-widget-container\">\n\t\t\t\t\t<div class=\"elementor-spacer\">\n\t\t\t<div class=\"elementor-spacer-inner\"><\/div>\n\t\t<\/div>\n\t\t\t\t<\/div>\n\t\t\t\t<\/div>\n\t\t\t\t<div class=\"elementor-element elementor-element-a2988df ekit-equal-height-enable elementor-widget elementor-widget-elementskit-icon-box\" data-id=\"a2988df\" data-element_type=\"widget\" data-widget_type=\"elementskit-icon-box.default\">\n\t\t\t\t<div class=\"elementor-widget-container\">\n\t\t\t<div class=\"ekit-wid-con\" >        <!-- link opening -->\n                <a href=\"mailto:contact@cassandralemaistre.fr\" class=\"ekit_global_links\">\n                <!-- end link opening -->\n\n        <div class=\"elementskit-infobox text-center text-center icon-top-align elementor-animation-\">\n                    <div class=\"elementskit-box-header elementor-animation-\">\n                <div class=\"elementskit-info-box-icon\">\n                    <i aria-hidden=\"true\" class=\"elementkit-infobox-icon icon icon-paper-plane\"><\/i>\n                <\/div>\n          <\/div>\n                        <div class=\"box-body\">\n                            <h3 class=\"elementskit-info-box-title\">\n                    contact@cassandralemaistre.fr                <\/h3>\n                        \t\t  <p>Write-us ! <\/p>\n                                <\/div>\n        \n        \n                <\/div>\n                <\/a>\n        <\/div>\t\t<\/div>\n\t\t\t\t<\/div>\n\t\t\t\t\t<\/div>\n\t\t<\/div>\n\t\t\t\t<div class=\"elementor-column elementor-col-33 elementor-top-column elementor-element elementor-element-b0632df\" data-id=\"b0632df\" data-element_type=\"column\">\n\t\t\t<div class=\"elementor-widget-wrap elementor-element-populated\">\n\t\t\t\t\t\t<div class=\"elementor-element elementor-element-b0949db elementor-hidden-desktop elementor-hidden-tablet elementor-widget elementor-widget-spacer\" data-id=\"b0949db\" data-element_type=\"widget\" data-widget_type=\"spacer.default\">\n\t\t\t\t<div class=\"elementor-widget-container\">\n\t\t\t\t\t<div class=\"elementor-spacer\">\n\t\t\t<div class=\"elementor-spacer-inner\"><\/div>\n\t\t<\/div>\n\t\t\t\t<\/div>\n\t\t\t\t<\/div>\n\t\t\t\t<div class=\"elementor-element elementor-element-07f481a ekit-equal-height-enable elementor-widget elementor-widget-elementskit-icon-box\" data-id=\"07f481a\" data-element_type=\"widget\" data-widget_type=\"elementskit-icon-box.default\">\n\t\t\t\t<div class=\"elementor-widget-container\">\n\t\t\t<div class=\"ekit-wid-con\" >        <!-- link opening -->\n                <a href=\"tel:0749284333\" class=\"ekit_global_links\">\n                <!-- end link opening -->\n\n        <div class=\"elementskit-infobox text-center text- icon-top-align elementor-animation-\">\n                    <div class=\"elementskit-box-header elementor-animation-\">\n                <div class=\"elementskit-info-box-icon\">\n                    <i aria-hidden=\"true\" class=\"elementkit-infobox-icon icon icon-phone\"><\/i>\n                <\/div>\n          <\/div>\n                        <div class=\"box-body\">\n                            <h3 class=\"elementskit-info-box-title\">\n                    +33 749 284 333                <\/h3>\n                        \t\t  <p>Du lundi au samedi<\/p>\n                                <\/div>\n        \n        \n                <\/div>\n                <\/a>\n        <\/div>\t\t<\/div>\n\t\t\t\t<\/div>\n\t\t\t\t\t<\/div>\n\t\t<\/div>\n\t\t\t\t<div class=\"elementor-column elementor-col-33 elementor-top-column elementor-element elementor-element-dd14ce4\" data-id=\"dd14ce4\" data-element_type=\"column\">\n\t\t\t<div class=\"elementor-widget-wrap elementor-element-populated\">\n\t\t\t\t\t\t<div class=\"elementor-element elementor-element-55a1c5f elementor-hidden-desktop elementor-hidden-tablet elementor-widget elementor-widget-spacer\" data-id=\"55a1c5f\" data-element_type=\"widget\" data-widget_type=\"spacer.default\">\n\t\t\t\t<div class=\"elementor-widget-container\">\n\t\t\t\t\t<div class=\"elementor-spacer\">\n\t\t\t<div class=\"elementor-spacer-inner\"><\/div>\n\t\t<\/div>\n\t\t\t\t<\/div>\n\t\t\t\t<\/div>\n\t\t\t\t<div class=\"elementor-element elementor-element-026028f ekit-equal-height-enable elementor-widget elementor-widget-elementskit-icon-box\" data-id=\"026028f\" data-element_type=\"widget\" data-widget_type=\"elementskit-icon-box.default\">\n\t\t\t\t<div class=\"elementor-widget-container\">\n\t\t\t<div class=\"ekit-wid-con\" >        <!-- link opening -->\n                <!-- end link opening -->\n\n        <div class=\"elementskit-infobox text-center text- icon-top-align elementor-animation-\">\n                    <div class=\"elementskit-box-header elementor-animation-\">\n                <div class=\"elementskit-info-box-icon\">\n                    <i aria-hidden=\"true\" class=\"elementkit-infobox-icon icon icon-store\"><\/i>\n                <\/div>\n          <\/div>\n                        <div class=\"box-body\">\n                            <h3 class=\"elementskit-info-box-title\">\n                    ACCUEIL sur rendez-vous                <\/h3>\n                        \t\t  <p>\u00e0 Jarry, en Guadeloupe<\/p>\n                                <\/div>\n        \n        \n                <\/div>\n        <\/div>\t\t<\/div>\n\t\t\t\t<\/div>\n\t\t\t\t\t<\/div>\n\t\t<\/div>\n\t\t\t\t\t<\/div>\n\t\t<\/section>\n\t\t\t\t<section class=\"elementor-section elementor-top-section elementor-element elementor-element-777f221 elementor-section-boxed elementor-section-height-default elementor-section-height-default\" data-id=\"777f221\" data-element_type=\"section\">\n\t\t\t\t\t\t<div class=\"elementor-container elementor-column-gap-default\">\n\t\t\t\t\t<div class=\"elementor-column elementor-col-100 elementor-top-column elementor-element elementor-element-f775406\" data-id=\"f775406\" data-element_type=\"column\">\n\t\t\t<div class=\"elementor-widget-wrap elementor-element-populated\">\n\t\t\t\t\t\t<div class=\"elementor-element elementor-element-87cfd07 elementor-widget elementor-widget-spacer\" data-id=\"87cfd07\" data-element_type=\"widget\" data-widget_type=\"spacer.default\">\n\t\t\t\t<div class=\"elementor-widget-container\">\n\t\t\t\t\t<div class=\"elementor-spacer\">\n\t\t\t<div class=\"elementor-spacer-inner\"><\/div>\n\t\t<\/div>\n\t\t\t\t<\/div>\n\t\t\t\t<\/div>\n\t\t\t\t\t<\/div>\n\t\t<\/div>\n\t\t\t\t\t<\/div>\n\t\t<\/section>\n\t\t\t\t<\/div>","protected":false},"excerpt":{"rendered":"<p>La Cr\u00e9atrice vous habille et vous conseille. B\u00e9n\u00e9ficiez d&rsquo;une pr\u00e9sentation exclusive de nos collections Une question ? \u00c9crivez-nous Formulaire de contact ENVOYER contact@cassandralemaistre.fr Ecrivez-nous ! +33 749 284 333 Du lundi au samedi ACCUEIL sur rendez-vous \u00e0 Jarry, en Guadeloupe<\/p>","protected":false},"author":2,"featured_media":0,"parent":0,"menu_order":0,"comment_status":"closed","ping_status":"closed","template":"","meta":{"om_disable_all_campaigns":false,"_monsterinsights_skip_tracking":false,"_monsterinsights_sitenote_active":false,"_monsterinsights_sitenote_note":"","_monsterinsights_sitenote_category":0,"_uf_show_specific_survey":0,"_uf_disable_surveys":false,"ocean_post_layout":"full-width","ocean_both_sidebars_style":"","ocean_both_sidebars_content_width":0,"ocean_both_sidebars_sidebars_width":0,"ocean_sidebar":"0","ocean_second_sidebar":"0","ocean_disable_margins":"enable","ocean_add_body_class":"","ocean_shortcode_before_top_bar":"","ocean_shortcode_after_top_bar":"","ocean_shortcode_before_header":"","ocean_shortcode_after_header":"","ocean_has_shortcode":"","ocean_shortcode_after_title":"","ocean_shortcode_before_footer_widgets":"","ocean_shortcode_after_footer_widgets":"","ocean_shortcode_before_footer_bottom":"","ocean_shortcode_after_footer_bottom":"","ocean_display_top_bar":"default","ocean_display_header":"default","ocean_header_style":"","ocean_center_header_left_menu":"0","ocean_custom_header_template":"0","ocean_custom_logo":0,"ocean_custom_retina_logo":0,"ocean_custom_logo_max_width":0,"ocean_custom_logo_tablet_max_width":0,"ocean_custom_logo_mobile_max_width":0,"ocean_custom_logo_max_height":0,"ocean_custom_logo_tablet_max_height":0,"ocean_custom_logo_mobile_max_height":0,"ocean_header_custom_menu":"0","ocean_menu_typo_font_family":"0","ocean_menu_typo_font_subset":"","ocean_menu_typo_font_size":0,"ocean_menu_typo_font_size_tablet":0,"ocean_menu_typo_font_size_mobile":0,"ocean_menu_typo_font_size_unit":"px","ocean_menu_typo_font_weight":"","ocean_menu_typo_font_weight_tablet":"","ocean_menu_typo_font_weight_mobile":"","ocean_menu_typo_transform":"","ocean_menu_typo_transform_tablet":"","ocean_menu_typo_transform_mobile":"","ocean_menu_typo_line_height":0,"ocean_menu_typo_line_height_tablet":0,"ocean_menu_typo_line_height_mobile":0,"ocean_menu_typo_line_height_unit":"","ocean_menu_typo_spacing":0,"ocean_menu_typo_spacing_tablet":0,"ocean_menu_typo_spacing_mobile":0,"ocean_menu_typo_spacing_unit":"","ocean_menu_link_color":"","ocean_menu_link_color_hover":"","ocean_menu_link_color_active":"","ocean_menu_link_background":"","ocean_menu_link_hover_background":"","ocean_menu_link_active_background":"","ocean_menu_social_links_bg":"","ocean_menu_social_hover_links_bg":"","ocean_menu_social_links_color":"","ocean_menu_social_hover_links_color":"","ocean_disable_title":"default","ocean_disable_heading":"default","ocean_post_title":"Contact","ocean_post_subheading":" ","ocean_post_title_style":"background-image","ocean_post_title_background_color":"","ocean_post_title_background":1340,"ocean_post_title_bg_image_position":"","ocean_post_title_bg_image_attachment":"","ocean_post_title_bg_image_repeat":"no-repeat","ocean_post_title_bg_image_size":"cover","ocean_post_title_height":0,"ocean_post_title_bg_overlay":0.5,"ocean_post_title_bg_overlay_color":"","ocean_disable_breadcrumbs":"default","ocean_breadcrumbs_color":"","ocean_breadcrumbs_separator_color":"","ocean_breadcrumbs_links_color":"","ocean_breadcrumbs_links_hover_color":"","ocean_display_footer_widgets":"default","ocean_display_footer_bottom":"default","ocean_custom_footer_template":"0","footnotes":""},"aioseo_notices":[],"yoast_head":"<!-- This site is optimized with the Yoast SEO plugin v22.6 - https:\/\/yoast.com\/wordpress\/plugins\/seo\/ -->\n<title>PRENDRE RDV &#8226; Cassandra Le Maistre<\/title>\n<meta name=\"description\" content=\"Prise de rendez-vous au showroom. La Cr\u00e9atrice vous habille et vous conseille. B\u00e9n\u00e9ficiez d&#039;une pr\u00e9sentation exclusive de nos collections\" \/>\n<meta name=\"robots\" content=\"index, follow, max-snippet:-1, max-image-preview:large, max-video-preview:-1\" \/>\n<link rel=\"canonical\" href=\"https:\/\/cassandralemaistre.fr\/en\/rendez-vous\/\" \/>\n<meta property=\"og:locale\" content=\"en_US\" \/>\n<meta property=\"og:type\" content=\"article\" \/>\n<meta property=\"og:title\" content=\"PRENDRE RDV &#8226; Cassandra Le Maistre\" \/>\n<meta property=\"og:description\" content=\"Prise de rendez-vous au showroom. La Cr\u00e9atrice vous habille et vous conseille. B\u00e9n\u00e9ficiez d&#039;une pr\u00e9sentation exclusive de nos collections\" \/>\n<meta property=\"og:url\" content=\"https:\/\/cassandralemaistre.fr\/en\/rendez-vous\/\" \/>\n<meta property=\"og:site_name\" content=\"Cassandra Le Maistre\" \/>\n<meta property=\"article:publisher\" content=\"https:\/\/www.facebook.com\/cassandralemaist\" \/>\n<meta property=\"article:modified_time\" content=\"2026-04-03T12:03:15+00:00\" \/>\n<meta name=\"twitter:card\" content=\"summary_large_image\" \/>\n<script type=\"application\/ld+json\" class=\"yoast-schema-graph\">{\"@context\":\"https:\/\/schema.org\",\"@graph\":[{\"@type\":\"WebPage\",\"@id\":\"https:\/\/cassandralemaistre.fr\/rendez-vous\/\",\"url\":\"https:\/\/cassandralemaistre.fr\/rendez-vous\/\",\"name\":\"PRENDRE RDV &#8226; Cassandra Le Maistre\",\"isPartOf\":{\"@id\":\"https:\/\/cassandralemaistre.fr\/#website\"},\"datePublished\":\"2018-01-28T10:47:38+00:00\",\"dateModified\":\"2026-04-03T12:03:15+00:00\",\"description\":\"Prise de rendez-vous au showroom. La Cr\u00e9atrice vous habille et vous conseille. B\u00e9n\u00e9ficiez d'une pr\u00e9sentation exclusive de nos collections\",\"breadcrumb\":{\"@id\":\"https:\/\/cassandralemaistre.fr\/rendez-vous\/#breadcrumb\"},\"inLanguage\":\"en-US\",\"potentialAction\":[{\"@type\":\"ReadAction\",\"target\":[\"https:\/\/cassandralemaistre.fr\/rendez-vous\/\"]}]},{\"@type\":\"BreadcrumbList\",\"@id\":\"https:\/\/cassandralemaistre.fr\/rendez-vous\/#breadcrumb\",\"itemListElement\":[{\"@type\":\"ListItem\",\"position\":1,\"name\":\"Home\",\"item\":\"https:\/\/cassandralemaistre.fr\/\"},{\"@type\":\"ListItem\",\"position\":2,\"name\":\"PRENDRE RDV\"}]},{\"@type\":\"WebSite\",\"@id\":\"https:\/\/cassandralemaistre.fr\/#website\",\"url\":\"https:\/\/cassandralemaistre.fr\/\",\"name\":\"Cassandra Le Maistre\",\"description\":\"Marque \u00c9veill\u00e9e et Audacieuse\",\"publisher\":{\"@id\":\"https:\/\/cassandralemaistre.fr\/#organization\"},\"potentialAction\":[{\"@type\":\"SearchAction\",\"target\":{\"@type\":\"EntryPoint\",\"urlTemplate\":\"https:\/\/cassandralemaistre.fr\/?s={search_term_string}\"},\"query-input\":\"required name=search_term_string\"}],\"inLanguage\":\"en-US\"},{\"@type\":\"Organization\",\"@id\":\"https:\/\/cassandralemaistre.fr\/#organization\",\"name\":\"Cassandra Le Maistre\",\"url\":\"https:\/\/cassandralemaistre.fr\/\",\"logo\":{\"@type\":\"ImageObject\",\"inLanguage\":\"en-US\",\"@id\":\"https:\/\/cassandralemaistre.fr\/#\/schema\/logo\/image\/\",\"url\":\"https:\/\/cassandralemaistre.fr\/wp-content\/uploads\/2019\/02\/unnamed.jpg\",\"contentUrl\":\"https:\/\/cassandralemaistre.fr\/wp-content\/uploads\/2019\/02\/unnamed.jpg\",\"width\":904,\"height\":815,\"caption\":\"Cassandra Le Maistre\"},\"image\":{\"@id\":\"https:\/\/cassandralemaistre.fr\/#\/schema\/logo\/image\/\"},\"sameAs\":[\"https:\/\/www.facebook.com\/cassandralemaist\",\"https:\/\/www.instagram.com\/cassandralemaistre\",\"https:\/\/www.pinterest.fr\/cassandra47011844\/\",\"https:\/\/www.youtube.com\/channel\/UCCHF5gVnhZpvofyRl9SCvLw\"]}]}<\/script>\n<!-- \/ Yoast SEO plugin. -->","yoast_head_json":{"title":"PRENDRE RDV &#8226; Cassandra Le Maistre","description":"Prise de rendez-vous au showroom. La Cr\u00e9atrice vous habille et vous conseille. B\u00e9n\u00e9ficiez d'une pr\u00e9sentation exclusive de nos collections","robots":{"index":"index","follow":"follow","max-snippet":"max-snippet:-1","max-image-preview":"max-image-preview:large","max-video-preview":"max-video-preview:-1"},"canonical":"https:\/\/cassandralemaistre.fr\/en\/rendez-vous\/","og_locale":"en_US","og_type":"article","og_title":"PRENDRE RDV &#8226; Cassandra Le Maistre","og_description":"Prise de rendez-vous au showroom. La Cr\u00e9atrice vous habille et vous conseille. B\u00e9n\u00e9ficiez d'une pr\u00e9sentation exclusive de nos collections","og_url":"https:\/\/cassandralemaistre.fr\/en\/rendez-vous\/","og_site_name":"Cassandra Le Maistre","article_publisher":"https:\/\/www.facebook.com\/cassandralemaist","article_modified_time":"2026-04-03T12:03:15+00:00","twitter_card":"summary_large_image","schema":{"@context":"https:\/\/schema.org","@graph":[{"@type":"WebPage","@id":"https:\/\/cassandralemaistre.fr\/rendez-vous\/","url":"https:\/\/cassandralemaistre.fr\/rendez-vous\/","name":"PRENDRE RDV &#8226; Cassandra Le Maistre","isPartOf":{"@id":"https:\/\/cassandralemaistre.fr\/#website"},"datePublished":"2018-01-28T10:47:38+00:00","dateModified":"2026-04-03T12:03:15+00:00","description":"Prise de rendez-vous au showroom. La Cr\u00e9atrice vous habille et vous conseille. B\u00e9n\u00e9ficiez d'une pr\u00e9sentation exclusive de nos collections","breadcrumb":{"@id":"https:\/\/cassandralemaistre.fr\/rendez-vous\/#breadcrumb"},"inLanguage":"en-US","potentialAction":[{"@type":"ReadAction","target":["https:\/\/cassandralemaistre.fr\/rendez-vous\/"]}]},{"@type":"BreadcrumbList","@id":"https:\/\/cassandralemaistre.fr\/rendez-vous\/#breadcrumb","itemListElement":[{"@type":"ListItem","position":1,"name":"Home","item":"https:\/\/cassandralemaistre.fr\/"},{"@type":"ListItem","position":2,"name":"PRENDRE RDV"}]},{"@type":"WebSite","@id":"https:\/\/cassandralemaistre.fr\/#website","url":"https:\/\/cassandralemaistre.fr\/","name":"Cassandra Le Maistre","description":"Marque \u00c9veill\u00e9e et Audacieuse","publisher":{"@id":"https:\/\/cassandralemaistre.fr\/#organization"},"potentialAction":[{"@type":"SearchAction","target":{"@type":"EntryPoint","urlTemplate":"https:\/\/cassandralemaistre.fr\/?s={search_term_string}"},"query-input":"required name=search_term_string"}],"inLanguage":"en-US"},{"@type":"Organization","@id":"https:\/\/cassandralemaistre.fr\/#organization","name":"Cassandra Le Maistre","url":"https:\/\/cassandralemaistre.fr\/","logo":{"@type":"ImageObject","inLanguage":"en-US","@id":"https:\/\/cassandralemaistre.fr\/#\/schema\/logo\/image\/","url":"https:\/\/cassandralemaistre.fr\/wp-content\/uploads\/2019\/02\/unnamed.jpg","contentUrl":"https:\/\/cassandralemaistre.fr\/wp-content\/uploads\/2019\/02\/unnamed.jpg","width":904,"height":815,"caption":"Cassandra Le Maistre"},"image":{"@id":"https:\/\/cassandralemaistre.fr\/#\/schema\/logo\/image\/"},"sameAs":["https:\/\/www.facebook.com\/cassandralemaist","https:\/\/www.instagram.com\/cassandralemaistre","https:\/\/www.pinterest.fr\/cassandra47011844\/","https:\/\/www.youtube.com\/channel\/UCCHF5gVnhZpvofyRl9SCvLw"]}]}},"_links":{"self":[{"href":"https:\/\/cassandralemaistre.fr\/en\/wp-json\/wp\/v2\/pages\/545"}],"collection":[{"href":"https:\/\/cassandralemaistre.fr\/en\/wp-json\/wp\/v2\/pages"}],"about":[{"href":"https:\/\/cassandralemaistre.fr\/en\/wp-json\/wp\/v2\/types\/page"}],"author":[{"embeddable":true,"href":"https:\/\/cassandralemaistre.fr\/en\/wp-json\/wp\/v2\/users\/2"}],"replies":[{"embeddable":true,"href":"https:\/\/cassandralemaistre.fr\/en\/wp-json\/wp\/v2\/comments?post=545"}],"version-history":[{"count":134,"href":"https:\/\/cassandralemaistre.fr\/en\/wp-json\/wp\/v2\/pages\/545\/revisions"}],"predecessor-version":[{"id":10175,"href":"https:\/\/cassandralemaistre.fr\/en\/wp-json\/wp\/v2\/pages\/545\/revisions\/10175"}],"wp:attachment":[{"href":"https:\/\/cassandralemaistre.fr\/en\/wp-json\/wp\/v2\/media?parent=545"}],"curies":[{"name":"wp","href":"https:\/\/api.w.org\/{rel}","templated":true}]}}