{"id":13,"date":"2017-12-27T06:46:14","date_gmt":"2017-12-27T06:46:14","guid":{"rendered":"http:\/\/localhost\/eme\/?page_id=13"},"modified":"2024-12-03T13:44:22","modified_gmt":"2024-12-03T12:44:22","slug":"retours-remboursements","status":"publish","type":"page","link":"https:\/\/cassandralemaistre.fr\/en\/retours-remboursements\/","title":{"rendered":"Returns and refunds"},"content":{"rendered":"<div class=\"wpb_text_column wpb_content_element\">\n<div class=\"wpb_wrapper\">\n<h2><em style=\"color: #000000; font-size: 14px;\"><strong>Your order does not suit you? We are sorry and hope you find your happiness again!\u00a0<\/strong><\/em><\/h2>\n<\/div>\n<\/div>\n<div><\/div>\n<div class=\"wpb_text_column wpb_content_element\">\n<div class=\"wpb_wrapper\">\n<p><b>Si la taille ou le style de la pi\u00e8ce ne vous convient pas<\/b>, vous pouvez l\u2019\u00e9changer \u00e0 votre convenance.<\/p>\n<p>Les \u00e9changes sont accept\u00e9s sous un d\u00e9lai de 14 jours apr\u00e8s la r\u00e9ception du colis. Si vous souhaitez \u00e9changer un\/des produit(s), merci de repasser commande et de nous retourner l&rsquo;ancien article. Nous proc\u00e9derons au remboursement ou \u00e0 la diff\u00e9rence qui vous est d\u00fb d\u00e8s r\u00e9ception de celui-ci.<\/p>\n<\/div>\n<p>Si la pi\u00e8ce ne vous convient pas vous avez un d\u00e9lai de r\u00e9tractation l\u00e9gal de 14 jours pour vous faire rembourser.<\/p>\n<div class=\"wpb_wrapper\">\n<p>Les articles doivent \u00eatre dans leurs \u00e9tats d&rsquo;origines (packagings d\u2019origines), neufs et non port\u00e9s. Les frais de retour sont \u00e0 votre charge. Pour mettre en place l&rsquo;\u00e9change de vos articles, envoyez un email \u00e0 l\u2019adresse : contact@cassandralemaistre.fr en inscrivant le mot \u00ab RETOUR \u00bb en objet.<\/p>\n<p>We do not accept returns from tailor-made items.<\/p>\n<\/div>\n<\/div>\n<div class=\"vc_empty_space\"><\/div>\n<div class=\"wpb_text_column wpb_content_element\">\n<div class=\"wpb_wrapper\"><strong>2 solutions de retour :\u00a0<\/strong><\/div>\n<\/div>\n<div class=\"vc_separator wpb_content_element vc_separator_align_center vc_sep_width_10 vc_sep_border_width_2 vc_sep_pos_align_left vc_separator_no_text vc_custom_1552662212898  vc_custom_1552662212898\"><\/div>\n<div class=\"wpb_text_column wpb_content_element\">\n<div class=\"wpb_wrapper\">\n<p><strong>Option 1: Vous \u00eates en Guadeloupe ?<\/strong><\/p>\n<p>Vous pouvez passer directement \u00e0 notre showroom au 36 rue de La Chapelle 97122 Baie-Mahault d\u00e9poser votre article pour un \u00e9change.<\/p>\n<p><strong>Option 2: Le Retour Standard \u2013 Colissimo<\/strong><\/p>\n<p>Vous nous faites parvenir votre article par colissimo avec accus\u00e9 de r\u00e9ception sous signature.<\/p>\n<p>Une question ? \u00c9crivez-nous \u00e0 contact@cassandralemaistre.fr<\/p>\n<\/div>\n<\/div>","protected":false},"excerpt":{"rendered":"<p>Votre commande ne vous convient pas ? Nous en sommes navr\u00e9s et esp\u00e9rons que vous trouverez \u00e0 nouveau votre bonheur !\u00a0 Si la taille ou le style de la pi\u00e8ce ne vous convient pas, vous pouvez l\u2019\u00e9changer \u00e0 votre convenance. Les \u00e9changes sont accept\u00e9s sous un d\u00e9lai de 14 jours apr\u00e8s la r\u00e9ception du colis. [&hellip;]<\/p>","protected":false},"author":1,"featured_media":0,"parent":0,"menu_order":0,"comment_status":"closed","ping_status":"closed","template":"","meta":{"om_disable_all_campaigns":false,"_monsterinsights_skip_tracking":false,"_monsterinsights_sitenote_active":false,"_monsterinsights_sitenote_note":"","_monsterinsights_sitenote_category":0,"_uf_show_specific_survey":0,"_uf_disable_surveys":false,"ocean_post_layout":"","ocean_both_sidebars_style":"","ocean_both_sidebars_content_width":0,"ocean_both_sidebars_sidebars_width":0,"ocean_sidebar":"","ocean_second_sidebar":"","ocean_disable_margins":"enable","ocean_add_body_class":"","ocean_shortcode_before_top_bar":"","ocean_shortcode_after_top_bar":"","ocean_shortcode_before_header":"","ocean_shortcode_after_header":"","ocean_has_shortcode":"","ocean_shortcode_after_title":"","ocean_shortcode_before_footer_widgets":"","ocean_shortcode_after_footer_widgets":"","ocean_shortcode_before_footer_bottom":"","ocean_shortcode_after_footer_bottom":"","ocean_display_top_bar":"default","ocean_display_header":"default","ocean_header_style":"","ocean_center_header_left_menu":"","ocean_custom_header_template":"","ocean_custom_logo":0,"ocean_custom_retina_logo":0,"ocean_custom_logo_max_width":0,"ocean_custom_logo_tablet_max_width":0,"ocean_custom_logo_mobile_max_width":0,"ocean_custom_logo_max_height":0,"ocean_custom_logo_tablet_max_height":0,"ocean_custom_logo_mobile_max_height":0,"ocean_header_custom_menu":"","ocean_menu_typo_font_family":"","ocean_menu_typo_font_subset":"","ocean_menu_typo_font_size":0,"ocean_menu_typo_font_size_tablet":0,"ocean_menu_typo_font_size_mobile":0,"ocean_menu_typo_font_size_unit":"px","ocean_menu_typo_font_weight":"","ocean_menu_typo_font_weight_tablet":"","ocean_menu_typo_font_weight_mobile":"","ocean_menu_typo_transform":"","ocean_menu_typo_transform_tablet":"","ocean_menu_typo_transform_mobile":"","ocean_menu_typo_line_height":0,"ocean_menu_typo_line_height_tablet":0,"ocean_menu_typo_line_height_mobile":0,"ocean_menu_typo_line_height_unit":"","ocean_menu_typo_spacing":0,"ocean_menu_typo_spacing_tablet":0,"ocean_menu_typo_spacing_mobile":0,"ocean_menu_typo_spacing_unit":"","ocean_menu_link_color":"","ocean_menu_link_color_hover":"","ocean_menu_link_color_active":"","ocean_menu_link_background":"","ocean_menu_link_hover_background":"","ocean_menu_link_active_background":"","ocean_menu_social_links_bg":"","ocean_menu_social_hover_links_bg":"","ocean_menu_social_links_color":"","ocean_menu_social_hover_links_color":"","ocean_disable_title":"default","ocean_disable_heading":"default","ocean_post_title":"","ocean_post_subheading":"","ocean_post_title_style":"","ocean_post_title_background_color":"","ocean_post_title_background":0,"ocean_post_title_bg_image_position":"","ocean_post_title_bg_image_attachment":"","ocean_post_title_bg_image_repeat":"","ocean_post_title_bg_image_size":"","ocean_post_title_height":0,"ocean_post_title_bg_overlay":0.5,"ocean_post_title_bg_overlay_color":"","ocean_disable_breadcrumbs":"default","ocean_breadcrumbs_color":"","ocean_breadcrumbs_separator_color":"","ocean_breadcrumbs_links_color":"","ocean_breadcrumbs_links_hover_color":"","ocean_display_footer_widgets":"default","ocean_display_footer_bottom":"default","ocean_custom_footer_template":"","footnotes":""},"aioseo_notices":[],"yoast_head":"<!-- This site is optimized with the Yoast SEO plugin v22.6 - https:\/\/yoast.com\/wordpress\/plugins\/seo\/ -->\n<title>Retours &amp; Remboursements &#8226; Cassandra Le Maistre<\/title>\n<meta name=\"description\" content=\"Retours &amp; Remboursements - Votre commande ne vous convient pas ? Nous en sommes navr\u00e9s et esp\u00e9rons que vous trouverez \u00e0 nouveau votre bonheur !\" \/>\n<meta name=\"robots\" content=\"index, follow, max-snippet:-1, max-image-preview:large, max-video-preview:-1\" \/>\n<link rel=\"canonical\" href=\"https:\/\/cassandralemaistre.fr\/en\/retours-remboursements\/\" \/>\n<meta property=\"og:locale\" content=\"en_US\" \/>\n<meta property=\"og:type\" content=\"article\" \/>\n<meta property=\"og:title\" content=\"Retours &amp; Remboursements &#8226; Cassandra Le Maistre\" \/>\n<meta property=\"og:description\" content=\"Retours &amp; Remboursements - Votre commande ne vous convient pas ? Nous en sommes navr\u00e9s et esp\u00e9rons que vous trouverez \u00e0 nouveau votre bonheur !\" \/>\n<meta property=\"og:url\" content=\"https:\/\/cassandralemaistre.fr\/en\/retours-remboursements\/\" \/>\n<meta property=\"og:site_name\" content=\"Cassandra Le Maistre\" \/>\n<meta property=\"article:publisher\" content=\"https:\/\/www.facebook.com\/cassandralemaist\" \/>\n<meta property=\"article:modified_time\" content=\"2024-12-03T12:44:22+00:00\" \/>\n<meta name=\"twitter:card\" content=\"summary_large_image\" \/>\n<script type=\"application\/ld+json\" class=\"yoast-schema-graph\">{\"@context\":\"https:\/\/schema.org\",\"@graph\":[{\"@type\":\"WebPage\",\"@id\":\"https:\/\/cassandralemaistre.fr\/retours-remboursements\/\",\"url\":\"https:\/\/cassandralemaistre.fr\/retours-remboursements\/\",\"name\":\"Retours & Remboursements &#8226; Cassandra Le Maistre\",\"isPartOf\":{\"@id\":\"https:\/\/cassandralemaistre.fr\/#website\"},\"datePublished\":\"2017-12-27T06:46:14+00:00\",\"dateModified\":\"2024-12-03T12:44:22+00:00\",\"description\":\"Retours & Remboursements - Votre commande ne vous convient pas ? Nous en sommes navr\u00e9s et esp\u00e9rons que vous trouverez \u00e0 nouveau votre bonheur !\",\"breadcrumb\":{\"@id\":\"https:\/\/cassandralemaistre.fr\/retours-remboursements\/#breadcrumb\"},\"inLanguage\":\"en-US\",\"potentialAction\":[{\"@type\":\"ReadAction\",\"target\":[\"https:\/\/cassandralemaistre.fr\/retours-remboursements\/\"]}]},{\"@type\":\"BreadcrumbList\",\"@id\":\"https:\/\/cassandralemaistre.fr\/retours-remboursements\/#breadcrumb\",\"itemListElement\":[{\"@type\":\"ListItem\",\"position\":1,\"name\":\"Home\",\"item\":\"https:\/\/cassandralemaistre.fr\/\"},{\"@type\":\"ListItem\",\"position\":2,\"name\":\"Retours &#038; Remboursements\"}]},{\"@type\":\"WebSite\",\"@id\":\"https:\/\/cassandralemaistre.fr\/#website\",\"url\":\"https:\/\/cassandralemaistre.fr\/\",\"name\":\"Cassandra Le Maistre\",\"description\":\"Marque \u00c9veill\u00e9e et Audacieuse\",\"publisher\":{\"@id\":\"https:\/\/cassandralemaistre.fr\/#organization\"},\"potentialAction\":[{\"@type\":\"SearchAction\",\"target\":{\"@type\":\"EntryPoint\",\"urlTemplate\":\"https:\/\/cassandralemaistre.fr\/?s={search_term_string}\"},\"query-input\":\"required name=search_term_string\"}],\"inLanguage\":\"en-US\"},{\"@type\":\"Organization\",\"@id\":\"https:\/\/cassandralemaistre.fr\/#organization\",\"name\":\"Cassandra Le Maistre\",\"url\":\"https:\/\/cassandralemaistre.fr\/\",\"logo\":{\"@type\":\"ImageObject\",\"inLanguage\":\"en-US\",\"@id\":\"https:\/\/cassandralemaistre.fr\/#\/schema\/logo\/image\/\",\"url\":\"https:\/\/cassandralemaistre.fr\/wp-content\/uploads\/2019\/02\/unnamed.jpg\",\"contentUrl\":\"https:\/\/cassandralemaistre.fr\/wp-content\/uploads\/2019\/02\/unnamed.jpg\",\"width\":904,\"height\":815,\"caption\":\"Cassandra Le Maistre\"},\"image\":{\"@id\":\"https:\/\/cassandralemaistre.fr\/#\/schema\/logo\/image\/\"},\"sameAs\":[\"https:\/\/www.facebook.com\/cassandralemaist\",\"https:\/\/www.instagram.com\/cassandralemaistre\",\"https:\/\/www.pinterest.fr\/cassandra47011844\/\",\"https:\/\/www.youtube.com\/channel\/UCCHF5gVnhZpvofyRl9SCvLw\"]}]}<\/script>\n<!-- \/ Yoast SEO plugin. -->","yoast_head_json":{"title":"Retours & Remboursements &#8226; Cassandra Le Maistre","description":"Retours & Remboursements - Votre commande ne vous convient pas ? Nous en sommes navr\u00e9s et esp\u00e9rons que vous trouverez \u00e0 nouveau votre bonheur !","robots":{"index":"index","follow":"follow","max-snippet":"max-snippet:-1","max-image-preview":"max-image-preview:large","max-video-preview":"max-video-preview:-1"},"canonical":"https:\/\/cassandralemaistre.fr\/en\/retours-remboursements\/","og_locale":"en_US","og_type":"article","og_title":"Retours & Remboursements &#8226; Cassandra Le Maistre","og_description":"Retours & Remboursements - Votre commande ne vous convient pas ? Nous en sommes navr\u00e9s et esp\u00e9rons que vous trouverez \u00e0 nouveau votre bonheur !","og_url":"https:\/\/cassandralemaistre.fr\/en\/retours-remboursements\/","og_site_name":"Cassandra Le Maistre","article_publisher":"https:\/\/www.facebook.com\/cassandralemaist","article_modified_time":"2024-12-03T12:44:22+00:00","twitter_card":"summary_large_image","schema":{"@context":"https:\/\/schema.org","@graph":[{"@type":"WebPage","@id":"https:\/\/cassandralemaistre.fr\/retours-remboursements\/","url":"https:\/\/cassandralemaistre.fr\/retours-remboursements\/","name":"Retours & Remboursements &#8226; Cassandra Le Maistre","isPartOf":{"@id":"https:\/\/cassandralemaistre.fr\/#website"},"datePublished":"2017-12-27T06:46:14+00:00","dateModified":"2024-12-03T12:44:22+00:00","description":"Retours & Remboursements - Votre commande ne vous convient pas ? Nous en sommes navr\u00e9s et esp\u00e9rons que vous trouverez \u00e0 nouveau votre bonheur !","breadcrumb":{"@id":"https:\/\/cassandralemaistre.fr\/retours-remboursements\/#breadcrumb"},"inLanguage":"en-US","potentialAction":[{"@type":"ReadAction","target":["https:\/\/cassandralemaistre.fr\/retours-remboursements\/"]}]},{"@type":"BreadcrumbList","@id":"https:\/\/cassandralemaistre.fr\/retours-remboursements\/#breadcrumb","itemListElement":[{"@type":"ListItem","position":1,"name":"Home","item":"https:\/\/cassandralemaistre.fr\/"},{"@type":"ListItem","position":2,"name":"Retours &#038; Remboursements"}]},{"@type":"WebSite","@id":"https:\/\/cassandralemaistre.fr\/#website","url":"https:\/\/cassandralemaistre.fr\/","name":"Cassandra Le Maistre","description":"Marque \u00c9veill\u00e9e et Audacieuse","publisher":{"@id":"https:\/\/cassandralemaistre.fr\/#organization"},"potentialAction":[{"@type":"SearchAction","target":{"@type":"EntryPoint","urlTemplate":"https:\/\/cassandralemaistre.fr\/?s={search_term_string}"},"query-input":"required name=search_term_string"}],"inLanguage":"en-US"},{"@type":"Organization","@id":"https:\/\/cassandralemaistre.fr\/#organization","name":"Cassandra Le Maistre","url":"https:\/\/cassandralemaistre.fr\/","logo":{"@type":"ImageObject","inLanguage":"en-US","@id":"https:\/\/cassandralemaistre.fr\/#\/schema\/logo\/image\/","url":"https:\/\/cassandralemaistre.fr\/wp-content\/uploads\/2019\/02\/unnamed.jpg","contentUrl":"https:\/\/cassandralemaistre.fr\/wp-content\/uploads\/2019\/02\/unnamed.jpg","width":904,"height":815,"caption":"Cassandra Le Maistre"},"image":{"@id":"https:\/\/cassandralemaistre.fr\/#\/schema\/logo\/image\/"},"sameAs":["https:\/\/www.facebook.com\/cassandralemaist","https:\/\/www.instagram.com\/cassandralemaistre","https:\/\/www.pinterest.fr\/cassandra47011844\/","https:\/\/www.youtube.com\/channel\/UCCHF5gVnhZpvofyRl9SCvLw"]}]}},"_links":{"self":[{"href":"https:\/\/cassandralemaistre.fr\/en\/wp-json\/wp\/v2\/pages\/13"}],"collection":[{"href":"https:\/\/cassandralemaistre.fr\/en\/wp-json\/wp\/v2\/pages"}],"about":[{"href":"https:\/\/cassandralemaistre.fr\/en\/wp-json\/wp\/v2\/types\/page"}],"author":[{"embeddable":true,"href":"https:\/\/cassandralemaistre.fr\/en\/wp-json\/wp\/v2\/users\/1"}],"replies":[{"embeddable":true,"href":"https:\/\/cassandralemaistre.fr\/en\/wp-json\/wp\/v2\/comments?post=13"}],"version-history":[{"count":6,"href":"https:\/\/cassandralemaistre.fr\/en\/wp-json\/wp\/v2\/pages\/13\/revisions"}],"predecessor-version":[{"id":9004,"href":"https:\/\/cassandralemaistre.fr\/en\/wp-json\/wp\/v2\/pages\/13\/revisions\/9004"}],"wp:attachment":[{"href":"https:\/\/cassandralemaistre.fr\/en\/wp-json\/wp\/v2\/media?parent=13"}],"curies":[{"name":"wp","href":"https:\/\/api.w.org\/{rel}","templated":true}]}}