{"id":1152,"date":"2019-03-25T19:24:33","date_gmt":"2019-03-25T18:24:33","guid":{"rendered":"http:\/\/cassandralemaistre.fr\/?page_id=1152"},"modified":"2019-04-09T19:16:27","modified_gmt":"2019-04-09T17:16:27","slug":"maintenance","status":"publish","type":"page","link":"https:\/\/cassandralemaistre.fr\/en\/maintenance\/","title":{"rendered":"Maintenance"},"content":{"rendered":"<style type=\"text\/css\">@media only screen and (min-width: 1000px) and (max-width: 5000px){body.kc-css-system .kc-css-847725{width: 20%;}body.kc-css-system .kc-css-2465338{width: 60%;}body.kc-css-system .kc-css-3243655{width: 20%;}}body.kc-css-system .kc-css-3351116{text-align: center;background: linear-gradient(90deg, rgba(38, 38, 38, 0.29), rgba(255, 245, 253, 0.55)), #000000 url(http:\/\/cassandralemaistre.fr\/wp-content\/uploads\/2019\/04\/BACKGROUND-1.jpg) 0% 0%\/auto repeat scroll;}body.kc-css-system .kc-css-1833635.kc_title,body.kc-css-system .kc-css-1833635 .kc_title,body.kc-css-system .kc-css-1833635 .kc_title a.kc_title_link{color: #ffffff;font-family: Open Sans Condensed;font-weight: 500;text-transform: uppercase;text-align: center;}body.kc-css-system .kc-css-1229971.kc_title,body.kc-css-system .kc-css-1229971 .kc_title,body.kc-css-system .kc-css-1229971 .kc_title a.kc_title_link{color: #ffffff;font-family: Open Sans Condensed;font-weight: 500;text-transform: uppercase;text-align: center;}body.kc-css-system .kc-css-2318975 a{background-color: #000000;}<\/style>\n<section data-kc-fullheight=\"middle-content\" data-kc-fullwidth=\"row\" data-kc-parallax=\"true\" class=\"kc-elm kc-css-3351116 kc_row\">\n<div class=\"kc-row-container  kc-container\">\n<div class=\"kc-wrap-columns\">\n<div class=\"kc-elm kc-css-847725 kc_col-of-5 kc_column kc_col-of-5\">\n<div class=\"kc-col-container\">\n<div class=\"kc-image-gallery kc-elm kc-css-1571827\">\n<div class=\"kc_image_gallery kc-carousel-image kc-grid\">\n<\/div>\n<\/div>\n<div class=\"kc-image-gallery kc-elm kc-css-1950545\">\n<div class=\"kc_image_gallery kc-carousel-image kc-grid\">\n<\/div>\n<\/div>\n<div class=\"kc-image-gallery kc-elm kc-css-1518799\">\n<div class=\"kc_image_gallery kc-carousel-image kc-grid\">\n<\/div>\n<\/div>\n<\/div>\n<\/div>\n<div class=\"kc-elm kc-css-2465338 kc_col-sm-7 kc_column kc_col-sm-7\">\n<div class=\"kc-col-container\">\n<div class=\"kc-image-gallery kc-elm kc-css-2386291\">\n<div class=\"kc_image_gallery kc-carousel-image kc-grid\">\n<\/div>\n<\/div>\n<div class=\"kc-elm kc-css-2616540 kc_shortcode kc_single_image\">\n<p>        <img decoding=\"async\" src=\"http:\/\/cassandralemaistre.fr\/wp-content\/uploads\/2019\/03\/clmfooter.png\" class=\"\" alt=\"\" \/>    <\/div>\n<div class=\"kc-elm kc-css-1833635 kc-animated kc-animate-eff-swing kc-title-wrap\">\n<h1 class=\"kc_title\">MAINTENANCE DU SITE WEB EN COURS<\/h1>\n<\/div>\n<div class=\"kc-elm kc-css-1229971 kc-animated kc-animate-eff-swing kc-title-wrap\">\n<h5 class=\"kc_title\">Mon \u00e9quipe proc\u00e8de \u00e0 une am\u00e9liation du site web, veuillez revenir dans quelques heures, vous pouvez aussi me contacter via mes r\u00e9seaux sociaux.<\/h5>\n<\/div>\n<div class=\"kc-image-gallery kc-elm kc-css-1500156\">\n<div class=\"kc_image_gallery kc-carousel-image kc-grid\">\n<\/div>\n<\/div>\n<div class=\"kc-elm kc-css-2318975 kc-multi-icons-wrapper\">\n\t\t\t<a href=\"https:\/\/www.facebook.com\/cassandralemaist\" target=\"_blank\" title=\"\" class=\"multi-icons-link multi-iconsicon-social-facebook\"><br \/>\n\t\t\t<i class=\"icon-social-facebook\"><\/i><br \/>\n\t\t<\/a><\/p>\n<p>\t\t\t<a href=\"https:\/\/www.instagram.com\/cassandralemaistre\" target=\"_blank\" title=\"\" class=\"multi-icons-link multi-iconsicon-social-instagram\"><br \/>\n\t\t\t<i class=\"icon-social-instagram\"><\/i><br \/>\n\t\t<\/a><\/p><\/div>\n<\/div>\n<\/div>\n<div class=\"kc-elm kc-css-3243655 kc_col-of-5 kc_column kc_col-of-5\">\n<div class=\"kc-col-container\">\n<div class=\"kc-image-gallery kc-elm kc-css-2794115\">\n<div class=\"kc_image_gallery kc-carousel-image kc-grid\">\n<\/div>\n<\/div>\n<div class=\"kc-image-gallery kc-elm kc-css-2417316\">\n<div class=\"kc_image_gallery kc-carousel-image kc-grid\">\n<\/div>\n<\/div>\n<div class=\"kc-image-gallery kc-elm kc-css-2475766\">\n<div class=\"kc_image_gallery kc-carousel-image kc-grid\">\n<\/div>\n<\/div>\n<\/div>\n<\/div>\n<\/div>\n<\/div>\n<\/section>","protected":false},"excerpt":{"rendered":"<p>MAINTENANCE DU SITE WEB EN COURS Mon \u00e9quipe proc\u00e8de \u00e0 une am\u00e9liation du site web, veuillez revenir dans quelques heures, vous pouvez aussi me contacter via mes r\u00e9seaux sociaux.<\/p>","protected":false},"author":1,"featured_media":0,"parent":0,"menu_order":0,"comment_status":"closed","ping_status":"closed","template":"","meta":{"om_disable_all_campaigns":false,"_monsterinsights_skip_tracking":false,"_monsterinsights_sitenote_active":false,"_monsterinsights_sitenote_note":"","_monsterinsights_sitenote_category":0,"_uf_show_specific_survey":0,"_uf_disable_surveys":false,"ocean_post_layout":"","ocean_both_sidebars_style":"","ocean_both_sidebars_content_width":0,"ocean_both_sidebars_sidebars_width":0,"ocean_sidebar":"","ocean_second_sidebar":"","ocean_disable_margins":"enable","ocean_add_body_class":"","ocean_shortcode_before_top_bar":"","ocean_shortcode_after_top_bar":"","ocean_shortcode_before_header":"","ocean_shortcode_after_header":"","ocean_has_shortcode":"","ocean_shortcode_after_title":"","ocean_shortcode_before_footer_widgets":"","ocean_shortcode_after_footer_widgets":"","ocean_shortcode_before_footer_bottom":"","ocean_shortcode_after_footer_bottom":"","ocean_display_top_bar":"default","ocean_display_header":"default","ocean_header_style":"","ocean_center_header_left_menu":"","ocean_custom_header_template":"","ocean_custom_logo":0,"ocean_custom_retina_logo":0,"ocean_custom_logo_max_width":0,"ocean_custom_logo_tablet_max_width":0,"ocean_custom_logo_mobile_max_width":0,"ocean_custom_logo_max_height":0,"ocean_custom_logo_tablet_max_height":0,"ocean_custom_logo_mobile_max_height":0,"ocean_header_custom_menu":"","ocean_menu_typo_font_family":"","ocean_menu_typo_font_subset":"","ocean_menu_typo_font_size":0,"ocean_menu_typo_font_size_tablet":0,"ocean_menu_typo_font_size_mobile":0,"ocean_menu_typo_font_size_unit":"px","ocean_menu_typo_font_weight":"","ocean_menu_typo_font_weight_tablet":"","ocean_menu_typo_font_weight_mobile":"","ocean_menu_typo_transform":"","ocean_menu_typo_transform_tablet":"","ocean_menu_typo_transform_mobile":"","ocean_menu_typo_line_height":0,"ocean_menu_typo_line_height_tablet":0,"ocean_menu_typo_line_height_mobile":0,"ocean_menu_typo_line_height_unit":"","ocean_menu_typo_spacing":0,"ocean_menu_typo_spacing_tablet":0,"ocean_menu_typo_spacing_mobile":0,"ocean_menu_typo_spacing_unit":"","ocean_menu_link_color":"","ocean_menu_link_color_hover":"","ocean_menu_link_color_active":"","ocean_menu_link_background":"","ocean_menu_link_hover_background":"","ocean_menu_link_active_background":"","ocean_menu_social_links_bg":"","ocean_menu_social_hover_links_bg":"","ocean_menu_social_links_color":"","ocean_menu_social_hover_links_color":"","ocean_disable_title":"default","ocean_disable_heading":"default","ocean_post_title":"","ocean_post_subheading":"","ocean_post_title_style":"","ocean_post_title_background_color":"","ocean_post_title_background":0,"ocean_post_title_bg_image_position":"","ocean_post_title_bg_image_attachment":"","ocean_post_title_bg_image_repeat":"","ocean_post_title_bg_image_size":"","ocean_post_title_height":0,"ocean_post_title_bg_overlay":0.5,"ocean_post_title_bg_overlay_color":"","ocean_disable_breadcrumbs":"default","ocean_breadcrumbs_color":"","ocean_breadcrumbs_separator_color":"","ocean_breadcrumbs_links_color":"","ocean_breadcrumbs_links_hover_color":"","ocean_display_footer_widgets":"default","ocean_display_footer_bottom":"default","ocean_custom_footer_template":"","footnotes":""},"aioseo_notices":[],"yoast_head":"<!-- This site is optimized with the Yoast SEO plugin v22.6 - https:\/\/yoast.com\/wordpress\/plugins\/seo\/ -->\n<title>Maintenance &#8226; Cassandra Le Maistre<\/title>\n<meta name=\"robots\" content=\"index, follow, max-snippet:-1, max-image-preview:large, max-video-preview:-1\" \/>\n<link rel=\"canonical\" href=\"https:\/\/cassandralemaistre.fr\/en\/maintenance\/\" \/>\n<meta property=\"og:locale\" content=\"en_US\" \/>\n<meta property=\"og:type\" content=\"article\" \/>\n<meta property=\"og:title\" content=\"Maintenance &#8226; Cassandra Le Maistre\" \/>\n<meta property=\"og:description\" content=\"MAINTENANCE DU SITE WEB EN COURS Mon \u00e9quipe proc\u00e8de \u00e0 une am\u00e9liation du site web, veuillez revenir dans quelques heures, vous pouvez aussi me contacter via mes r\u00e9seaux sociaux.\" \/>\n<meta property=\"og:url\" content=\"https:\/\/cassandralemaistre.fr\/en\/maintenance\/\" \/>\n<meta property=\"og:site_name\" content=\"Cassandra Le Maistre\" \/>\n<meta property=\"article:publisher\" content=\"https:\/\/www.facebook.com\/cassandralemaist\" \/>\n<meta property=\"article:modified_time\" content=\"2019-04-09T17:16:27+00:00\" \/>\n<meta property=\"og:image\" content=\"http:\/\/cassandralemaistre.fr\/wp-content\/uploads\/2019\/03\/clmfooter.png\" \/>\n<meta name=\"twitter:card\" content=\"summary_large_image\" \/>\n<script type=\"application\/ld+json\" class=\"yoast-schema-graph\">{\"@context\":\"https:\/\/schema.org\",\"@graph\":[{\"@type\":\"WebPage\",\"@id\":\"https:\/\/cassandralemaistre.fr\/en\/maintenance\/\",\"url\":\"https:\/\/cassandralemaistre.fr\/en\/maintenance\/\",\"name\":\"Maintenance &#8226; Cassandra Le Maistre\",\"isPartOf\":{\"@id\":\"https:\/\/cassandralemaistre.fr\/#website\"},\"primaryImageOfPage\":{\"@id\":\"https:\/\/cassandralemaistre.fr\/en\/maintenance\/#primaryimage\"},\"image\":{\"@id\":\"https:\/\/cassandralemaistre.fr\/en\/maintenance\/#primaryimage\"},\"thumbnailUrl\":\"http:\/\/cassandralemaistre.fr\/wp-content\/uploads\/2019\/03\/clmfooter.png\",\"datePublished\":\"2019-03-25T18:24:33+00:00\",\"dateModified\":\"2019-04-09T17:16:27+00:00\",\"breadcrumb\":{\"@id\":\"https:\/\/cassandralemaistre.fr\/en\/maintenance\/#breadcrumb\"},\"inLanguage\":\"en-US\",\"potentialAction\":[{\"@type\":\"ReadAction\",\"target\":[\"https:\/\/cassandralemaistre.fr\/en\/maintenance\/\"]}]},{\"@type\":\"ImageObject\",\"inLanguage\":\"en-US\",\"@id\":\"https:\/\/cassandralemaistre.fr\/en\/maintenance\/#primaryimage\",\"url\":\"http:\/\/cassandralemaistre.fr\/wp-content\/uploads\/2019\/03\/clmfooter.png\",\"contentUrl\":\"http:\/\/cassandralemaistre.fr\/wp-content\/uploads\/2019\/03\/clmfooter.png\"},{\"@type\":\"BreadcrumbList\",\"@id\":\"https:\/\/cassandralemaistre.fr\/en\/maintenance\/#breadcrumb\",\"itemListElement\":[{\"@type\":\"ListItem\",\"position\":1,\"name\":\"Home\",\"item\":\"https:\/\/cassandralemaistre.fr\/\"},{\"@type\":\"ListItem\",\"position\":2,\"name\":\"Maintenance\"}]},{\"@type\":\"WebSite\",\"@id\":\"https:\/\/cassandralemaistre.fr\/#website\",\"url\":\"https:\/\/cassandralemaistre.fr\/\",\"name\":\"Cassandra Le Maistre\",\"description\":\"Marque \u00c9veill\u00e9e et Audacieuse\",\"publisher\":{\"@id\":\"https:\/\/cassandralemaistre.fr\/#organization\"},\"potentialAction\":[{\"@type\":\"SearchAction\",\"target\":{\"@type\":\"EntryPoint\",\"urlTemplate\":\"https:\/\/cassandralemaistre.fr\/?s={search_term_string}\"},\"query-input\":\"required name=search_term_string\"}],\"inLanguage\":\"en-US\"},{\"@type\":\"Organization\",\"@id\":\"https:\/\/cassandralemaistre.fr\/#organization\",\"name\":\"Cassandra Le Maistre\",\"url\":\"https:\/\/cassandralemaistre.fr\/\",\"logo\":{\"@type\":\"ImageObject\",\"inLanguage\":\"en-US\",\"@id\":\"https:\/\/cassandralemaistre.fr\/#\/schema\/logo\/image\/\",\"url\":\"https:\/\/cassandralemaistre.fr\/wp-content\/uploads\/2019\/02\/unnamed.jpg\",\"contentUrl\":\"https:\/\/cassandralemaistre.fr\/wp-content\/uploads\/2019\/02\/unnamed.jpg\",\"width\":904,\"height\":815,\"caption\":\"Cassandra Le Maistre\"},\"image\":{\"@id\":\"https:\/\/cassandralemaistre.fr\/#\/schema\/logo\/image\/\"},\"sameAs\":[\"https:\/\/www.facebook.com\/cassandralemaist\",\"https:\/\/www.instagram.com\/cassandralemaistre\",\"https:\/\/www.pinterest.fr\/cassandra47011844\/\",\"https:\/\/www.youtube.com\/channel\/UCCHF5gVnhZpvofyRl9SCvLw\"]}]}<\/script>\n<!-- \/ Yoast SEO plugin. -->","yoast_head_json":{"title":"Maintenance &#8226; Cassandra Le Maistre","robots":{"index":"index","follow":"follow","max-snippet":"max-snippet:-1","max-image-preview":"max-image-preview:large","max-video-preview":"max-video-preview:-1"},"canonical":"https:\/\/cassandralemaistre.fr\/en\/maintenance\/","og_locale":"en_US","og_type":"article","og_title":"Maintenance &#8226; Cassandra Le Maistre","og_description":"MAINTENANCE DU SITE WEB EN COURS Mon \u00e9quipe proc\u00e8de \u00e0 une am\u00e9liation du site web, veuillez revenir dans quelques heures, vous pouvez aussi me contacter via mes r\u00e9seaux sociaux.","og_url":"https:\/\/cassandralemaistre.fr\/en\/maintenance\/","og_site_name":"Cassandra Le Maistre","article_publisher":"https:\/\/www.facebook.com\/cassandralemaist","article_modified_time":"2019-04-09T17:16:27+00:00","og_image":[{"url":"http:\/\/cassandralemaistre.fr\/wp-content\/uploads\/2019\/03\/clmfooter.png"}],"twitter_card":"summary_large_image","schema":{"@context":"https:\/\/schema.org","@graph":[{"@type":"WebPage","@id":"https:\/\/cassandralemaistre.fr\/en\/maintenance\/","url":"https:\/\/cassandralemaistre.fr\/en\/maintenance\/","name":"Maintenance &#8226; Cassandra Le Maistre","isPartOf":{"@id":"https:\/\/cassandralemaistre.fr\/#website"},"primaryImageOfPage":{"@id":"https:\/\/cassandralemaistre.fr\/en\/maintenance\/#primaryimage"},"image":{"@id":"https:\/\/cassandralemaistre.fr\/en\/maintenance\/#primaryimage"},"thumbnailUrl":"http:\/\/cassandralemaistre.fr\/wp-content\/uploads\/2019\/03\/clmfooter.png","datePublished":"2019-03-25T18:24:33+00:00","dateModified":"2019-04-09T17:16:27+00:00","breadcrumb":{"@id":"https:\/\/cassandralemaistre.fr\/en\/maintenance\/#breadcrumb"},"inLanguage":"en-US","potentialAction":[{"@type":"ReadAction","target":["https:\/\/cassandralemaistre.fr\/en\/maintenance\/"]}]},{"@type":"ImageObject","inLanguage":"en-US","@id":"https:\/\/cassandralemaistre.fr\/en\/maintenance\/#primaryimage","url":"http:\/\/cassandralemaistre.fr\/wp-content\/uploads\/2019\/03\/clmfooter.png","contentUrl":"http:\/\/cassandralemaistre.fr\/wp-content\/uploads\/2019\/03\/clmfooter.png"},{"@type":"BreadcrumbList","@id":"https:\/\/cassandralemaistre.fr\/en\/maintenance\/#breadcrumb","itemListElement":[{"@type":"ListItem","position":1,"name":"Home","item":"https:\/\/cassandralemaistre.fr\/"},{"@type":"ListItem","position":2,"name":"Maintenance"}]},{"@type":"WebSite","@id":"https:\/\/cassandralemaistre.fr\/#website","url":"https:\/\/cassandralemaistre.fr\/","name":"Cassandra Le Maistre","description":"Marque \u00c9veill\u00e9e et Audacieuse","publisher":{"@id":"https:\/\/cassandralemaistre.fr\/#organization"},"potentialAction":[{"@type":"SearchAction","target":{"@type":"EntryPoint","urlTemplate":"https:\/\/cassandralemaistre.fr\/?s={search_term_string}"},"query-input":"required name=search_term_string"}],"inLanguage":"en-US"},{"@type":"Organization","@id":"https:\/\/cassandralemaistre.fr\/#organization","name":"Cassandra Le Maistre","url":"https:\/\/cassandralemaistre.fr\/","logo":{"@type":"ImageObject","inLanguage":"en-US","@id":"https:\/\/cassandralemaistre.fr\/#\/schema\/logo\/image\/","url":"https:\/\/cassandralemaistre.fr\/wp-content\/uploads\/2019\/02\/unnamed.jpg","contentUrl":"https:\/\/cassandralemaistre.fr\/wp-content\/uploads\/2019\/02\/unnamed.jpg","width":904,"height":815,"caption":"Cassandra Le Maistre"},"image":{"@id":"https:\/\/cassandralemaistre.fr\/#\/schema\/logo\/image\/"},"sameAs":["https:\/\/www.facebook.com\/cassandralemaist","https:\/\/www.instagram.com\/cassandralemaistre","https:\/\/www.pinterest.fr\/cassandra47011844\/","https:\/\/www.youtube.com\/channel\/UCCHF5gVnhZpvofyRl9SCvLw"]}]}},"_links":{"self":[{"href":"https:\/\/cassandralemaistre.fr\/en\/wp-json\/wp\/v2\/pages\/1152"}],"collection":[{"href":"https:\/\/cassandralemaistre.fr\/en\/wp-json\/wp\/v2\/pages"}],"about":[{"href":"https:\/\/cassandralemaistre.fr\/en\/wp-json\/wp\/v2\/types\/page"}],"author":[{"embeddable":true,"href":"https:\/\/cassandralemaistre.fr\/en\/wp-json\/wp\/v2\/users\/1"}],"replies":[{"embeddable":true,"href":"https:\/\/cassandralemaistre.fr\/en\/wp-json\/wp\/v2\/comments?post=1152"}],"version-history":[{"count":109,"href":"https:\/\/cassandralemaistre.fr\/en\/wp-json\/wp\/v2\/pages\/1152\/revisions"}],"predecessor-version":[{"id":1440,"href":"https:\/\/cassandralemaistre.fr\/en\/wp-json\/wp\/v2\/pages\/1152\/revisions\/1440"}],"wp:attachment":[{"href":"https:\/\/cassandralemaistre.fr\/en\/wp-json\/wp\/v2\/media?parent=1152"}],"curies":[{"name":"wp","href":"https:\/\/api.w.org\/{rel}","templated":true}]}}