{"id":1027,"date":"2019-03-25T16:12:45","date_gmt":"2019-03-25T15:12:45","guid":{"rendered":"http:\/\/cassandralemaistre.fr\/?page_id=1027"},"modified":"2022-05-16T18:02:17","modified_gmt":"2022-05-16T16:02:17","slug":"histoire-parcours-mode","status":"publish","type":"page","link":"https:\/\/cassandralemaistre.fr\/en\/histoire-parcours-mode\/","title":{"rendered":"About"},"content":{"rendered":"<div data-elementor-type=\"wp-page\" data-elementor-id=\"1027\" class=\"elementor elementor-1027\">\n\t\t\t\t\t\t<section class=\"elementor-section elementor-top-section elementor-element elementor-element-41908b4 elementor-section-full_width elementor-section-stretched elementor-section-height-default elementor-section-height-default\" data-id=\"41908b4\" data-element_type=\"section\" data-settings=\"{&quot;stretch_section&quot;:&quot;section-stretched&quot;}\">\n\t\t\t\t\t\t<div class=\"elementor-container elementor-column-gap-default\">\n\t\t\t\t\t<div class=\"elementor-column elementor-col-50 elementor-top-column elementor-element elementor-element-5ef12bc\" data-id=\"5ef12bc\" data-element_type=\"column\">\n\t\t\t<div class=\"elementor-widget-wrap elementor-element-populated\">\n\t\t\t\t\t\t<div class=\"elementor-element elementor-element-d26b521 ekit-equal-height-disable elementor-widget elementor-widget-elementskit-image-box\" data-id=\"d26b521\" data-element_type=\"widget\" data-widget_type=\"elementskit-image-box.default\">\n\t\t\t\t<div class=\"elementor-widget-container\">\n\t\t\t<div class=\"ekit-wid-con\" >\n            <div class=\"elementskit-info-image-box ekit-image-box text-center simple-card\" >\n\n                \n                <div class=\"elementskit-box-header image-box-img-center\">\n\n                    <img fetchpriority=\"high\" decoding=\"async\" width=\"959\" height=\"1001\" src=\"https:\/\/cassandralemaistre.fr\/wp-content\/uploads\/2019\/04\/clm3xd.jpg\" class=\"attachment-full size-full wp-image-1295\" alt=\"\" srcset=\"https:\/\/cassandralemaistre.fr\/wp-content\/uploads\/2019\/04\/clm3xd.jpg 959w, https:\/\/cassandralemaistre.fr\/wp-content\/uploads\/2019\/04\/clm3xd-700x731.jpg 700w\" sizes=\"(max-width: 959px) 100vw, 959px\" \/>\n                <\/div>\n                \n                <div class=\"elementskit-box-body ekit-image-box-body\">\n                    <div class=\"elementskit-box-content ekit-image-box-body-inner\">\n                                                <h1 class=\"elementskit-info-box-title\">\n\n                        Cassandra\n                        \n                    <\/h1>\n                                                            <div class=\"elementskit-box-style-content\">\n                        LE MAISTRE                    <\/div>\n                                    <\/div>\n\n                            <\/div>\n            <\/div>\n    <\/div>\t\t<\/div>\n\t\t\t\t<\/div>\n\t\t\t\t\t<\/div>\n\t\t<\/div>\n\t\t\t\t<div class=\"elementor-column elementor-col-50 elementor-top-column elementor-element elementor-element-8508133\" data-id=\"8508133\" data-element_type=\"column\">\n\t\t\t<div class=\"elementor-widget-wrap elementor-element-populated\">\n\t\t\t\t\t\t<div class=\"elementor-element elementor-element-794611c ekit-equal-height-disable elementor-widget elementor-widget-elementskit-image-box\" data-id=\"794611c\" data-element_type=\"widget\" data-widget_type=\"elementskit-image-box.default\">\n\t\t\t\t<div class=\"elementor-widget-container\">\n\t\t\t<div class=\"ekit-wid-con\" >\n            <div class=\"elementskit-info-image-box ekit-image-box text-center simple-card\" >\n\n                \n                <div class=\"elementskit-box-header image-box-img-center\">\n\n                    <img decoding=\"async\" width=\"959\" height=\"1001\" src=\"https:\/\/cassandralemaistre.fr\/wp-content\/uploads\/2019\/04\/clm3xcd.jpg\" class=\"attachment-full size-full wp-image-1297\" alt=\"\" srcset=\"https:\/\/cassandralemaistre.fr\/wp-content\/uploads\/2019\/04\/clm3xcd.jpg 959w, https:\/\/cassandralemaistre.fr\/wp-content\/uploads\/2019\/04\/clm3xcd-700x731.jpg 700w\" sizes=\"(max-width: 959px) 100vw, 959px\" \/>\n                <\/div>\n                \n                <div class=\"elementskit-box-body ekit-image-box-body\">\n                    <div class=\"elementskit-box-content ekit-image-box-body-inner\">\n                                                            <\/div>\n\n                            <\/div>\n            <\/div>\n    <\/div>\t\t<\/div>\n\t\t\t\t<\/div>\n\t\t\t\t\t<\/div>\n\t\t<\/div>\n\t\t\t\t\t<\/div>\n\t\t<\/section>\n\t\t\t\t<section class=\"elementor-section elementor-top-section elementor-element elementor-element-223e6c7 elementor-section-boxed elementor-section-height-default elementor-section-height-default\" data-id=\"223e6c7\" data-element_type=\"section\">\n\t\t\t\t\t\t<div class=\"elementor-container elementor-column-gap-default\">\n\t\t\t\t\t<div class=\"elementor-column elementor-col-50 elementor-top-column elementor-element elementor-element-cc6304c\" data-id=\"cc6304c\" data-element_type=\"column\">\n\t\t\t<div class=\"elementor-widget-wrap elementor-element-populated\">\n\t\t\t\t\t\t<div class=\"elementor-element elementor-element-3210d2f elementor-widget elementor-widget-text-editor\" data-id=\"3210d2f\" data-element_type=\"widget\" data-widget_type=\"text-editor.default\">\n\t\t\t\t<div class=\"elementor-widget-container\">\n\t\t\t\t\t\t\t<h2>ABOUT<\/h2><p class=\"p1\"><span style=\"color: #000000;\">Cassandre Le Maistre is a fashion designer with an artist's soul and many things amaze her...<\/span><\/p><p class=\"p2\"><span style=\"color: #000000;\">It can start from little or nothing, the noise emitted by the rain on the leaves, the smell of bread baking at the baker's house, the little flower that grows, or the latest creation from Valentino!<\/span><\/p><p class=\"p2\"><span style=\"color: #000000;\">Cassandra feeds on all these realities to compose her universe.<\/span><\/p><p class=\"p2\"><span style=\"color: #000000;\">Passionate, she designs her brand according to her tastes and her inspirations.<\/span><\/p><p class=\"p2 translation-block\"><span style=\"color: #000000\">Ranked first in the <em>Cannes International Trophy<\/em> competition at the 2019 Cannes Film Festival, she wants to share her enthusiasm by producing a line of clothing suitable for all women who want to be beautiful.<\/span><\/p>\t\t\t\t\t\t<\/div>\n\t\t\t\t<\/div>\n\t\t\t\t<div class=\"elementor-element elementor-element-aef128f elementor-widget elementor-widget-text-editor\" data-id=\"aef128f\" data-element_type=\"widget\" data-widget_type=\"text-editor.default\">\n\t\t\t\t<div class=\"elementor-widget-container\">\n\t\t\t\t\t\t\t<p class=\"p2\" style=\"text-align: center;\"><strong><span style=\"color: #000000;\">\"I create high-end clothes \" Made in France \" because I have always had at heart to build a project attached to my own values \u200b\u200band convictions.<\/span><\/strong><\/p><p class=\"p2\" style=\"text-align: center;\"><strong><span style=\"color: #000000;\">This is the reason why, I decided to design and manufacture each of my pieces in France.<\/span><\/strong><\/p><p class=\"p1\" style=\"text-align: center;\"><strong><span style=\"color: #000000;\">It is important for me to work with committed people who like a job well done.\u00a0<\/span><\/strong><strong><span style=\"color: #000000;\">I am looking to build real relationships with my partners because I am convinced that it is with everyone's involvement that my work will acquire a special character.<\/span><\/strong><\/p><p class=\"p2\" style=\"text-align: center;\"><strong><span style=\"color: #000000;\">So I chose to make micro-collections with small hand-sewn series. I think that at this point the customer is looking for an exceptional product, which has not been worn and seen by everyone.<\/span><\/strong><\/p><p class=\"p2\" style=\"text-align: center;\"><strong><span style=\"color: #000000;\">The pieces I offer are elegant, feminine and original. They are made for ambitious, determined women who want to look beautiful on a daily basis.<\/span><\/strong><\/p><p class=\"p2\" style=\"text-align: center;\"><strong><span style=\"color: #000000;\">They are pure creations, graphic and refined, often black and white which do not exclude the metallic.<\/span><\/strong><\/p><p class=\"p2\" style=\"text-align: center;\"><strong><span style=\"color: #000000;\">I take great pleasure in developing my collections and I hope that my customers, too, will have a lot of happiness wearing my creations! \"<\/span><\/strong><\/p>\t\t\t\t\t\t<\/div>\n\t\t\t\t<\/div>\n\t\t\t\t\t<\/div>\n\t\t<\/div>\n\t\t\t\t<div class=\"elementor-column elementor-col-50 elementor-top-column elementor-element elementor-element-9a5c1ee\" data-id=\"9a5c1ee\" data-element_type=\"column\">\n\t\t\t<div class=\"elementor-widget-wrap elementor-element-populated\">\n\t\t\t\t\t\t<div class=\"elementor-element elementor-element-8f9bbaf elementor-widget elementor-widget-image\" data-id=\"8f9bbaf\" data-element_type=\"widget\" data-widget_type=\"image.default\">\n\t\t\t\t<div class=\"elementor-widget-container\">\n\t\t\t\t\t\t\t\t\t\t\t\t\t\t<a href=\"https:\/\/cassandralemaistre.fr\/en\/blog\/\">\n\t\t\t\t\t\t\t<img decoding=\"async\" width=\"1259\" height=\"1886\" src=\"https:\/\/cassandralemaistre.fr\/wp-content\/uploads\/2020\/06\/Sans-titre-1-01-1.jpg\" class=\"attachment-2048x2048 size-2048x2048 wp-image-2531\" alt=\"\" srcset=\"https:\/\/cassandralemaistre.fr\/wp-content\/uploads\/2020\/06\/Sans-titre-1-01-1.jpg 1259w, https:\/\/cassandralemaistre.fr\/wp-content\/uploads\/2020\/06\/Sans-titre-1-01-1-289x434.jpg 289w, https:\/\/cassandralemaistre.fr\/wp-content\/uploads\/2020\/06\/Sans-titre-1-01-1-700x1049.jpg 700w\" sizes=\"(max-width: 1259px) 100vw, 1259px\" \/>\t\t\t\t\t\t\t\t<\/a>\n\t\t\t\t\t\t\t\t\t\t\t\t\t<\/div>\n\t\t\t\t<\/div>\n\t\t\t\t\t<\/div>\n\t\t<\/div>\n\t\t\t\t\t<\/div>\n\t\t<\/section>\n\t\t\t\t<\/div>","protected":false},"excerpt":{"rendered":"<p>Cassandra LE MAISTRE HISTOIRE Styliste cr\u00e9atrice, Cassandra Le Maistre poss\u00e8de une \u00e2me d\u2019artiste, d\u2019ailleurs, beaucoup de choses l\u2019\u00e9merveillent&#8230; Cela peut partir de peu ou de rien, du bruit qu\u2019\u00e9met la pluie sur la t\u00f4le, de l\u2019odeur du pain qui cuit chez le boulanger en bas de chez elle, de la petite fleur qui pousse, ou [&hellip;]<\/p>","protected":false},"author":1,"featured_media":0,"parent":0,"menu_order":0,"comment_status":"closed","ping_status":"closed","template":"","meta":{"om_disable_all_campaigns":false,"_monsterinsights_skip_tracking":false,"_monsterinsights_sitenote_active":false,"_monsterinsights_sitenote_note":"","_monsterinsights_sitenote_category":0,"_uf_show_specific_survey":0,"_uf_disable_surveys":false,"ocean_post_layout":"full-width","ocean_both_sidebars_style":"","ocean_both_sidebars_content_width":0,"ocean_both_sidebars_sidebars_width":0,"ocean_sidebar":"0","ocean_second_sidebar":"0","ocean_disable_margins":"enable","ocean_add_body_class":"","ocean_shortcode_before_top_bar":"","ocean_shortcode_after_top_bar":"","ocean_shortcode_before_header":"","ocean_shortcode_after_header":"","ocean_has_shortcode":"","ocean_shortcode_after_title":"","ocean_shortcode_before_footer_widgets":"","ocean_shortcode_after_footer_widgets":"","ocean_shortcode_before_footer_bottom":"","ocean_shortcode_after_footer_bottom":"","ocean_display_top_bar":"default","ocean_display_header":"default","ocean_header_style":"","ocean_center_header_left_menu":"0","ocean_custom_header_template":"0","ocean_custom_logo":0,"ocean_custom_retina_logo":0,"ocean_custom_logo_max_width":0,"ocean_custom_logo_tablet_max_width":0,"ocean_custom_logo_mobile_max_width":0,"ocean_custom_logo_max_height":0,"ocean_custom_logo_tablet_max_height":0,"ocean_custom_logo_mobile_max_height":0,"ocean_header_custom_menu":"0","ocean_menu_typo_font_family":"0","ocean_menu_typo_font_subset":"","ocean_menu_typo_font_size":0,"ocean_menu_typo_font_size_tablet":0,"ocean_menu_typo_font_size_mobile":0,"ocean_menu_typo_font_size_unit":"px","ocean_menu_typo_font_weight":"","ocean_menu_typo_font_weight_tablet":"","ocean_menu_typo_font_weight_mobile":"","ocean_menu_typo_transform":"","ocean_menu_typo_transform_tablet":"","ocean_menu_typo_transform_mobile":"","ocean_menu_typo_line_height":0,"ocean_menu_typo_line_height_tablet":0,"ocean_menu_typo_line_height_mobile":0,"ocean_menu_typo_line_height_unit":"","ocean_menu_typo_spacing":0,"ocean_menu_typo_spacing_tablet":0,"ocean_menu_typo_spacing_mobile":0,"ocean_menu_typo_spacing_unit":"","ocean_menu_link_color":"","ocean_menu_link_color_hover":"","ocean_menu_link_color_active":"","ocean_menu_link_background":"","ocean_menu_link_hover_background":"","ocean_menu_link_active_background":"","ocean_menu_social_links_bg":"","ocean_menu_social_hover_links_bg":"","ocean_menu_social_links_color":"","ocean_menu_social_hover_links_color":"","ocean_disable_title":"on","ocean_disable_heading":"on","ocean_post_title":"","ocean_post_subheading":"","ocean_post_title_style":"background-image","ocean_post_title_background_color":"","ocean_post_title_background":0,"ocean_post_title_bg_image_position":"","ocean_post_title_bg_image_attachment":"","ocean_post_title_bg_image_repeat":"","ocean_post_title_bg_image_size":"","ocean_post_title_height":0,"ocean_post_title_bg_overlay":0.5,"ocean_post_title_bg_overlay_color":"","ocean_disable_breadcrumbs":"default","ocean_breadcrumbs_color":"","ocean_breadcrumbs_separator_color":"","ocean_breadcrumbs_links_color":"","ocean_breadcrumbs_links_hover_color":"","ocean_display_footer_widgets":"default","ocean_display_footer_bottom":"default","ocean_custom_footer_template":"0","footnotes":""},"aioseo_notices":[],"yoast_head":"<!-- This site is optimized with the Yoast SEO plugin v22.6 - https:\/\/yoast.com\/wordpress\/plugins\/seo\/ -->\n<title>Histoire &#8226; Cassandra Le Maistre<\/title>\n<meta name=\"description\" content=\"Styliste, la cr\u00e9atrice met son imagination au service des femme avant-gardistes qui aiment les v\u00eatements audacieux, \u00e9l\u00e9gants et raffin\u00e9s.\" \/>\n<meta name=\"robots\" content=\"index, follow, max-snippet:-1, max-image-preview:large, max-video-preview:-1\" \/>\n<link rel=\"canonical\" href=\"https:\/\/cassandralemaistre.fr\/en\/histoire-parcours-mode\/\" \/>\n<meta property=\"og:locale\" content=\"en_US\" \/>\n<meta property=\"og:type\" content=\"article\" \/>\n<meta property=\"og:title\" content=\"Histoire &#8226; Cassandra Le Maistre\" \/>\n<meta property=\"og:description\" content=\"Styliste, la cr\u00e9atrice met son imagination au service des femme avant-gardistes qui aiment les v\u00eatements audacieux, \u00e9l\u00e9gants et raffin\u00e9s.\" \/>\n<meta property=\"og:url\" content=\"https:\/\/cassandralemaistre.fr\/en\/histoire-parcours-mode\/\" \/>\n<meta property=\"og:site_name\" content=\"Cassandra Le Maistre\" \/>\n<meta property=\"article:publisher\" content=\"https:\/\/www.facebook.com\/cassandralemaist\" \/>\n<meta property=\"article:modified_time\" content=\"2022-05-16T16:02:17+00:00\" \/>\n<meta property=\"og:image\" content=\"https:\/\/cassandralemaistre.fr\/wp-content\/uploads\/2019\/04\/clm3xd.jpg\" \/>\n<meta name=\"twitter:card\" content=\"summary_large_image\" \/>\n<script type=\"application\/ld+json\" class=\"yoast-schema-graph\">{\"@context\":\"https:\/\/schema.org\",\"@graph\":[{\"@type\":\"WebPage\",\"@id\":\"https:\/\/cassandralemaistre.fr\/histoire-parcours-mode\/\",\"url\":\"https:\/\/cassandralemaistre.fr\/histoire-parcours-mode\/\",\"name\":\"Histoire &#8226; Cassandra Le Maistre\",\"isPartOf\":{\"@id\":\"https:\/\/cassandralemaistre.fr\/#website\"},\"primaryImageOfPage\":{\"@id\":\"https:\/\/cassandralemaistre.fr\/histoire-parcours-mode\/#primaryimage\"},\"image\":{\"@id\":\"https:\/\/cassandralemaistre.fr\/histoire-parcours-mode\/#primaryimage\"},\"thumbnailUrl\":\"https:\/\/cassandralemaistre.fr\/wp-content\/uploads\/2019\/04\/clm3xd.jpg\",\"datePublished\":\"2019-03-25T15:12:45+00:00\",\"dateModified\":\"2022-05-16T16:02:17+00:00\",\"description\":\"Styliste, la cr\u00e9atrice met son imagination au service des femme avant-gardistes qui aiment les v\u00eatements audacieux, \u00e9l\u00e9gants et raffin\u00e9s.\",\"breadcrumb\":{\"@id\":\"https:\/\/cassandralemaistre.fr\/histoire-parcours-mode\/#breadcrumb\"},\"inLanguage\":\"en-US\",\"potentialAction\":[{\"@type\":\"ReadAction\",\"target\":[\"https:\/\/cassandralemaistre.fr\/histoire-parcours-mode\/\"]}]},{\"@type\":\"ImageObject\",\"inLanguage\":\"en-US\",\"@id\":\"https:\/\/cassandralemaistre.fr\/histoire-parcours-mode\/#primaryimage\",\"url\":\"https:\/\/cassandralemaistre.fr\/wp-content\/uploads\/2019\/04\/clm3xd.jpg\",\"contentUrl\":\"https:\/\/cassandralemaistre.fr\/wp-content\/uploads\/2019\/04\/clm3xd.jpg\"},{\"@type\":\"BreadcrumbList\",\"@id\":\"https:\/\/cassandralemaistre.fr\/histoire-parcours-mode\/#breadcrumb\",\"itemListElement\":[{\"@type\":\"ListItem\",\"position\":1,\"name\":\"Home\",\"item\":\"https:\/\/cassandralemaistre.fr\/\"},{\"@type\":\"ListItem\",\"position\":2,\"name\":\"Histoire\"}]},{\"@type\":\"WebSite\",\"@id\":\"https:\/\/cassandralemaistre.fr\/#website\",\"url\":\"https:\/\/cassandralemaistre.fr\/\",\"name\":\"Cassandra Le Maistre\",\"description\":\"Marque \u00c9veill\u00e9e et Audacieuse\",\"publisher\":{\"@id\":\"https:\/\/cassandralemaistre.fr\/#organization\"},\"potentialAction\":[{\"@type\":\"SearchAction\",\"target\":{\"@type\":\"EntryPoint\",\"urlTemplate\":\"https:\/\/cassandralemaistre.fr\/?s={search_term_string}\"},\"query-input\":\"required name=search_term_string\"}],\"inLanguage\":\"en-US\"},{\"@type\":\"Organization\",\"@id\":\"https:\/\/cassandralemaistre.fr\/#organization\",\"name\":\"Cassandra Le Maistre\",\"url\":\"https:\/\/cassandralemaistre.fr\/\",\"logo\":{\"@type\":\"ImageObject\",\"inLanguage\":\"en-US\",\"@id\":\"https:\/\/cassandralemaistre.fr\/#\/schema\/logo\/image\/\",\"url\":\"https:\/\/cassandralemaistre.fr\/wp-content\/uploads\/2019\/02\/unnamed.jpg\",\"contentUrl\":\"https:\/\/cassandralemaistre.fr\/wp-content\/uploads\/2019\/02\/unnamed.jpg\",\"width\":904,\"height\":815,\"caption\":\"Cassandra Le Maistre\"},\"image\":{\"@id\":\"https:\/\/cassandralemaistre.fr\/#\/schema\/logo\/image\/\"},\"sameAs\":[\"https:\/\/www.facebook.com\/cassandralemaist\",\"https:\/\/www.instagram.com\/cassandralemaistre\",\"https:\/\/www.pinterest.fr\/cassandra47011844\/\",\"https:\/\/www.youtube.com\/channel\/UCCHF5gVnhZpvofyRl9SCvLw\"]}]}<\/script>\n<!-- \/ Yoast SEO plugin. -->","yoast_head_json":{"title":"Histoire &#8226; Cassandra Le Maistre","description":"Styliste, la cr\u00e9atrice met son imagination au service des femme avant-gardistes qui aiment les v\u00eatements audacieux, \u00e9l\u00e9gants et raffin\u00e9s.","robots":{"index":"index","follow":"follow","max-snippet":"max-snippet:-1","max-image-preview":"max-image-preview:large","max-video-preview":"max-video-preview:-1"},"canonical":"https:\/\/cassandralemaistre.fr\/en\/histoire-parcours-mode\/","og_locale":"en_US","og_type":"article","og_title":"Histoire &#8226; Cassandra Le Maistre","og_description":"Styliste, la cr\u00e9atrice met son imagination au service des femme avant-gardistes qui aiment les v\u00eatements audacieux, \u00e9l\u00e9gants et raffin\u00e9s.","og_url":"https:\/\/cassandralemaistre.fr\/en\/histoire-parcours-mode\/","og_site_name":"Cassandra Le Maistre","article_publisher":"https:\/\/www.facebook.com\/cassandralemaist","article_modified_time":"2022-05-16T16:02:17+00:00","og_image":[{"url":"https:\/\/cassandralemaistre.fr\/wp-content\/uploads\/2019\/04\/clm3xd.jpg"}],"twitter_card":"summary_large_image","schema":{"@context":"https:\/\/schema.org","@graph":[{"@type":"WebPage","@id":"https:\/\/cassandralemaistre.fr\/histoire-parcours-mode\/","url":"https:\/\/cassandralemaistre.fr\/histoire-parcours-mode\/","name":"Histoire &#8226; Cassandra Le Maistre","isPartOf":{"@id":"https:\/\/cassandralemaistre.fr\/#website"},"primaryImageOfPage":{"@id":"https:\/\/cassandralemaistre.fr\/histoire-parcours-mode\/#primaryimage"},"image":{"@id":"https:\/\/cassandralemaistre.fr\/histoire-parcours-mode\/#primaryimage"},"thumbnailUrl":"https:\/\/cassandralemaistre.fr\/wp-content\/uploads\/2019\/04\/clm3xd.jpg","datePublished":"2019-03-25T15:12:45+00:00","dateModified":"2022-05-16T16:02:17+00:00","description":"Styliste, la cr\u00e9atrice met son imagination au service des femme avant-gardistes qui aiment les v\u00eatements audacieux, \u00e9l\u00e9gants et raffin\u00e9s.","breadcrumb":{"@id":"https:\/\/cassandralemaistre.fr\/histoire-parcours-mode\/#breadcrumb"},"inLanguage":"en-US","potentialAction":[{"@type":"ReadAction","target":["https:\/\/cassandralemaistre.fr\/histoire-parcours-mode\/"]}]},{"@type":"ImageObject","inLanguage":"en-US","@id":"https:\/\/cassandralemaistre.fr\/histoire-parcours-mode\/#primaryimage","url":"https:\/\/cassandralemaistre.fr\/wp-content\/uploads\/2019\/04\/clm3xd.jpg","contentUrl":"https:\/\/cassandralemaistre.fr\/wp-content\/uploads\/2019\/04\/clm3xd.jpg"},{"@type":"BreadcrumbList","@id":"https:\/\/cassandralemaistre.fr\/histoire-parcours-mode\/#breadcrumb","itemListElement":[{"@type":"ListItem","position":1,"name":"Home","item":"https:\/\/cassandralemaistre.fr\/"},{"@type":"ListItem","position":2,"name":"Histoire"}]},{"@type":"WebSite","@id":"https:\/\/cassandralemaistre.fr\/#website","url":"https:\/\/cassandralemaistre.fr\/","name":"Cassandra Le Maistre","description":"Marque \u00c9veill\u00e9e et Audacieuse","publisher":{"@id":"https:\/\/cassandralemaistre.fr\/#organization"},"potentialAction":[{"@type":"SearchAction","target":{"@type":"EntryPoint","urlTemplate":"https:\/\/cassandralemaistre.fr\/?s={search_term_string}"},"query-input":"required name=search_term_string"}],"inLanguage":"en-US"},{"@type":"Organization","@id":"https:\/\/cassandralemaistre.fr\/#organization","name":"Cassandra Le Maistre","url":"https:\/\/cassandralemaistre.fr\/","logo":{"@type":"ImageObject","inLanguage":"en-US","@id":"https:\/\/cassandralemaistre.fr\/#\/schema\/logo\/image\/","url":"https:\/\/cassandralemaistre.fr\/wp-content\/uploads\/2019\/02\/unnamed.jpg","contentUrl":"https:\/\/cassandralemaistre.fr\/wp-content\/uploads\/2019\/02\/unnamed.jpg","width":904,"height":815,"caption":"Cassandra Le Maistre"},"image":{"@id":"https:\/\/cassandralemaistre.fr\/#\/schema\/logo\/image\/"},"sameAs":["https:\/\/www.facebook.com\/cassandralemaist","https:\/\/www.instagram.com\/cassandralemaistre","https:\/\/www.pinterest.fr\/cassandra47011844\/","https:\/\/www.youtube.com\/channel\/UCCHF5gVnhZpvofyRl9SCvLw"]}]}},"_links":{"self":[{"href":"https:\/\/cassandralemaistre.fr\/en\/wp-json\/wp\/v2\/pages\/1027"}],"collection":[{"href":"https:\/\/cassandralemaistre.fr\/en\/wp-json\/wp\/v2\/pages"}],"about":[{"href":"https:\/\/cassandralemaistre.fr\/en\/wp-json\/wp\/v2\/types\/page"}],"author":[{"embeddable":true,"href":"https:\/\/cassandralemaistre.fr\/en\/wp-json\/wp\/v2\/users\/1"}],"replies":[{"embeddable":true,"href":"https:\/\/cassandralemaistre.fr\/en\/wp-json\/wp\/v2\/comments?post=1027"}],"version-history":[{"count":86,"href":"https:\/\/cassandralemaistre.fr\/en\/wp-json\/wp\/v2\/pages\/1027\/revisions"}],"predecessor-version":[{"id":6612,"href":"https:\/\/cassandralemaistre.fr\/en\/wp-json\/wp\/v2\/pages\/1027\/revisions\/6612"}],"wp:attachment":[{"href":"https:\/\/cassandralemaistre.fr\/en\/wp-json\/wp\/v2\/media?parent=1027"}],"curies":[{"name":"wp","href":"https:\/\/api.w.org\/{rel}","templated":true}]}}