{"id":1023,"date":"2019-03-25T13:44:37","date_gmt":"2019-03-25T12:44:37","guid":{"rendered":"http:\/\/cassandralemaistre.fr\/?page_id=1023"},"modified":"2022-02-14T21:27:42","modified_gmt":"2022-02-14T20:27:42","slug":"donateurs","status":"publish","type":"page","link":"https:\/\/cassandralemaistre.fr\/en\/donateurs\/","title":{"rendered":"Donors"},"content":{"rendered":"<p><strong><\/p>\n<style type=\"text\/css\">@media only screen and (min-width: 1000px) and (max-width: 5000px){body.kc-css-system .kc-css-3065050{width: 65%;}body.kc-css-system .kc-css-1234995{width: 35%;}}<\/style>\n<p><\/strong><\/p>\n<section class=\"kc-elm kc-css-4225288 kc_row\">\n<div class=\"kc-row-container  kc-container\">\n<div class=\"kc-wrap-columns\">\n<div class=\"kc-elm kc-css-3065050 kc_col-sm-8 kc_column kc_col-sm-8\">\n<div class=\"kc-col-container\">\n<div class=\"kc-elm kc-css-1773717 kc_text_block\">\n<p><span style=\"background-color: transparent; font-size: 11pt; font-family: Calibri; color: #000000; font-variant-numeric: normal; font-variant-east-asian: normal; vertical-align: baseline; white-space: pre-wrap;\"><strong>Mes remerciements chaleureux<\/strong> \u00e0 Ana\u00eblle Hachon, Carolane Ferret, Fanny Ebrard, \u00a0Myl\u00e9na Calattin, La\u00ebtitia Boutt\u00e9, Anne-Charlotte Quilan, L\u00e9a Barr\u00e9, Al\u00e9xane Martin, Cindy Raux, Laurent Gabriel, Fr\u00e9d\u00e9rique Simon, Ma\u00eblig Quincey, Thierry Plumain, Val\u00e9rie Bait, Jenny Beninato, Alice Mulot &amp; Arthur Poulain, Rebecca Matsheba, Ana\u00efs Delemotte, Sarah Belfer, Aurianne Lemaistre, Denise Boutt\u00e9, Anne-Laure Huet, Pauline Leroy, M\u00e9lina Cabanac, Aela Juhel, Claudine Le Maistre, Blandine Orfila, Jessie Louveton, Jo\u00eblle Delorme, Jenirma Delosnueces, Marie B\u0153uf, Eric Devaux, Le\u00efla Rose-Rosette, Jules Dourson, Julie Timsit, Arlette Le Maistre, Margot Bruyneel, Emeric Pajot, Karine Bertrand Gabriel, K\u00e9vin Meurant, Shella Ibalet, Fr\u00e9d\u00e9rique Dominici, Christophe Le Maistre, Roxane Uffren, Laura Marsolle, Laurie Ribeiro, David Migaud, Kad-m\u00e9rya Kasmi, Caroline Le Maistre, Christianne Le Maistre, Lucile Leroy, Clotilde Nguyen, Marie-Laure J\u00e9supret, Kyllian Brouta, Myriam &amp; Eric Le Maistre, Symon Barbier, Michel Le Maistre, Cassilda Faure, Nathalie Fayolle, Meddy Likion, Laurent Saint-Val, \u00a0Jean-Daniel Ezelin, Anthony Ribeiro, Jessica Fayolle, Marie-Ange Sercl\u00e9rat, Lucie Pistorelli, Etienne Leroy, Aur\u00e9lien Gaudin, Virginie Coowar Cazal, St\u00e9phane Le Maistre, Nicolas Janin, Maxime Pinel, Evelyne &amp; Christian Gabriel, Cathy &amp; Denis Lostanlen, Garance &amp; Armelle Plecinski, La\u00ebtitia &amp; J\u00e9r\u00e9my H\u00e9ron, S\u00e9bastien Le Maistre, Blandine Le Maistre, Isaline Lemaistre, Christophe &amp; Delphine Le Maistre, Agn\u00e8s J\u00e9supret, Catherine Saint-Val, Fabien et Julija J\u00e9supret, Colas Le Maistre, Edmond Saint-Val, Eric Cailliau, Patricia Saint-Val, Carole Nicolas, Alain Le Maistre, Paul, Ang\u00e9lique et Beno\u00eet Le Maistre, Nicolas Le Maistre, Fran\u00e7ois Austruy et Joseph Le Maistre, <strong>qui ont permis l\u2019accomplissement de mon r\u00eave le plus cher.<\/strong><\/span><\/p>\n<p><span style=\"font-size: 11pt; font-family: Calibri; color: #ff0000; background-color: transparent; font-variant-numeric: normal; font-variant-east-asian: normal; vertical-align: baseline; white-space: pre-wrap;\">\u00a0<\/span><\/p>\n<\/div>\n<\/div>\n<\/div>\n<div class=\"kc-elm kc-css-1234995 kc_col-sm-4 kc_column kc_col-sm-4\">\n<div class=\"kc-col-container\">\n<div class=\"kc-elm kc-css-3823506 kc-animated kc-animate-eff-fadeInRight kc_shortcode kc_single_image\">\n<p><img fetchpriority=\"high\" decoding=\"async\" class=\"aligncenter\" src=\"http:\/\/cassandralemaistre.fr\/wp-content\/uploads\/2019\/04\/dons.jpg\" alt=\"\" width=\"602\" height=\"903\" \/><\/p>\n<\/div>\n<\/div>\n<\/div>\n<\/div>\n<\/div>\n<\/section>","protected":false},"excerpt":{"rendered":"<p>Mes remerciements chaleureux \u00e0 Ana\u00eblle Hachon, Carolane Ferret, Fanny Ebrard, \u00a0Myl\u00e9na Calattin, La\u00ebtitia Boutt\u00e9, Anne-Charlotte Quilan, L\u00e9a Barr\u00e9, Al\u00e9xane Martin, Cindy Raux, Laurent Gabriel, Fr\u00e9d\u00e9rique Simon, Ma\u00eblig Quincey, Thierry Plumain, Val\u00e9rie Bait, Jenny Beninato, Alice Mulot &amp; Arthur Poulain, Rebecca Matsheba, Ana\u00efs Delemotte, Sarah Belfer, Aurianne Lemaistre, Denise Boutt\u00e9, Anne-Laure Huet, Pauline Leroy, M\u00e9lina Cabanac, [&hellip;]<\/p>","protected":false},"author":1,"featured_media":0,"parent":0,"menu_order":0,"comment_status":"closed","ping_status":"closed","template":"","meta":{"om_disable_all_campaigns":false,"_monsterinsights_skip_tracking":false,"_monsterinsights_sitenote_active":false,"_monsterinsights_sitenote_note":"","_monsterinsights_sitenote_category":0,"_uf_show_specific_survey":0,"_uf_disable_surveys":false,"ocean_post_layout":"full-width","ocean_both_sidebars_style":"","ocean_both_sidebars_content_width":0,"ocean_both_sidebars_sidebars_width":0,"ocean_sidebar":"0","ocean_second_sidebar":"0","ocean_disable_margins":"enable","ocean_add_body_class":"","ocean_shortcode_before_top_bar":"","ocean_shortcode_after_top_bar":"","ocean_shortcode_before_header":"","ocean_shortcode_after_header":"","ocean_has_shortcode":"","ocean_shortcode_after_title":"","ocean_shortcode_before_footer_widgets":"","ocean_shortcode_after_footer_widgets":"","ocean_shortcode_before_footer_bottom":"","ocean_shortcode_after_footer_bottom":"","ocean_display_top_bar":"default","ocean_display_header":"default","ocean_header_style":"","ocean_center_header_left_menu":"0","ocean_custom_header_template":"0","ocean_custom_logo":0,"ocean_custom_retina_logo":0,"ocean_custom_logo_max_width":0,"ocean_custom_logo_tablet_max_width":0,"ocean_custom_logo_mobile_max_width":0,"ocean_custom_logo_max_height":0,"ocean_custom_logo_tablet_max_height":0,"ocean_custom_logo_mobile_max_height":0,"ocean_header_custom_menu":"0","ocean_menu_typo_font_family":"0","ocean_menu_typo_font_subset":"","ocean_menu_typo_font_size":0,"ocean_menu_typo_font_size_tablet":0,"ocean_menu_typo_font_size_mobile":0,"ocean_menu_typo_font_size_unit":"px","ocean_menu_typo_font_weight":"","ocean_menu_typo_font_weight_tablet":"","ocean_menu_typo_font_weight_mobile":"","ocean_menu_typo_transform":"","ocean_menu_typo_transform_tablet":"","ocean_menu_typo_transform_mobile":"","ocean_menu_typo_line_height":0,"ocean_menu_typo_line_height_tablet":0,"ocean_menu_typo_line_height_mobile":0,"ocean_menu_typo_line_height_unit":"","ocean_menu_typo_spacing":0,"ocean_menu_typo_spacing_tablet":0,"ocean_menu_typo_spacing_mobile":0,"ocean_menu_typo_spacing_unit":"","ocean_menu_link_color":"","ocean_menu_link_color_hover":"","ocean_menu_link_color_active":"","ocean_menu_link_background":"","ocean_menu_link_hover_background":"","ocean_menu_link_active_background":"","ocean_menu_social_links_bg":"","ocean_menu_social_hover_links_bg":"","ocean_menu_social_links_color":"","ocean_menu_social_hover_links_color":"","ocean_disable_title":"default","ocean_disable_heading":"default","ocean_post_title":"","ocean_post_subheading":"","ocean_post_title_style":"","ocean_post_title_background_color":"","ocean_post_title_background":0,"ocean_post_title_bg_image_position":"","ocean_post_title_bg_image_attachment":"","ocean_post_title_bg_image_repeat":"","ocean_post_title_bg_image_size":"","ocean_post_title_height":0,"ocean_post_title_bg_overlay":0.5,"ocean_post_title_bg_overlay_color":"","ocean_disable_breadcrumbs":"default","ocean_breadcrumbs_color":"","ocean_breadcrumbs_separator_color":"","ocean_breadcrumbs_links_color":"","ocean_breadcrumbs_links_hover_color":"","ocean_display_footer_widgets":"default","ocean_display_footer_bottom":"default","ocean_custom_footer_template":"0","footnotes":""},"aioseo_notices":[],"yoast_head":"<!-- This site is optimized with the Yoast SEO plugin v22.6 - https:\/\/yoast.com\/wordpress\/plugins\/seo\/ -->\n<title>Donateurs &#8226; Cassandra Le Maistre<\/title>\n<meta name=\"description\" content=\"Mes remerciements chaleureux \u00e0 tous les donateurs qui ont permis l\u2019accomplissement de mon r\u00eave le plus cher. Cassandra Le Maistre.\" \/>\n<meta name=\"robots\" content=\"index, follow, max-snippet:-1, max-image-preview:large, max-video-preview:-1\" \/>\n<link rel=\"canonical\" href=\"https:\/\/cassandralemaistre.fr\/en\/donateurs\/\" \/>\n<meta property=\"og:locale\" content=\"en_US\" \/>\n<meta property=\"og:type\" content=\"article\" \/>\n<meta property=\"og:title\" content=\"Donateurs &#8226; Cassandra Le Maistre\" \/>\n<meta property=\"og:description\" content=\"Mes remerciements chaleureux \u00e0 tous les donateurs qui ont permis l\u2019accomplissement de mon r\u00eave le plus cher. Cassandra Le Maistre.\" \/>\n<meta property=\"og:url\" content=\"https:\/\/cassandralemaistre.fr\/en\/donateurs\/\" \/>\n<meta property=\"og:site_name\" content=\"Cassandra Le Maistre\" \/>\n<meta property=\"article:publisher\" content=\"https:\/\/www.facebook.com\/cassandralemaist\" \/>\n<meta property=\"article:modified_time\" content=\"2022-02-14T20:27:42+00:00\" \/>\n<meta property=\"og:image\" content=\"http:\/\/cassandralemaistre.fr\/wp-content\/uploads\/2019\/04\/dons.jpg\" \/>\n<meta name=\"twitter:card\" content=\"summary_large_image\" \/>\n<script type=\"application\/ld+json\" class=\"yoast-schema-graph\">{\"@context\":\"https:\/\/schema.org\",\"@graph\":[{\"@type\":\"WebPage\",\"@id\":\"https:\/\/cassandralemaistre.fr\/donateurs\/\",\"url\":\"https:\/\/cassandralemaistre.fr\/donateurs\/\",\"name\":\"Donateurs &#8226; Cassandra Le Maistre\",\"isPartOf\":{\"@id\":\"https:\/\/cassandralemaistre.fr\/#website\"},\"primaryImageOfPage\":{\"@id\":\"https:\/\/cassandralemaistre.fr\/donateurs\/#primaryimage\"},\"image\":{\"@id\":\"https:\/\/cassandralemaistre.fr\/donateurs\/#primaryimage\"},\"thumbnailUrl\":\"http:\/\/cassandralemaistre.fr\/wp-content\/uploads\/2019\/04\/dons.jpg\",\"datePublished\":\"2019-03-25T12:44:37+00:00\",\"dateModified\":\"2022-02-14T20:27:42+00:00\",\"description\":\"Mes remerciements chaleureux \u00e0 tous les donateurs qui ont permis l\u2019accomplissement de mon r\u00eave le plus cher. Cassandra Le Maistre.\",\"breadcrumb\":{\"@id\":\"https:\/\/cassandralemaistre.fr\/donateurs\/#breadcrumb\"},\"inLanguage\":\"en-US\",\"potentialAction\":[{\"@type\":\"ReadAction\",\"target\":[\"https:\/\/cassandralemaistre.fr\/donateurs\/\"]}]},{\"@type\":\"ImageObject\",\"inLanguage\":\"en-US\",\"@id\":\"https:\/\/cassandralemaistre.fr\/donateurs\/#primaryimage\",\"url\":\"http:\/\/cassandralemaistre.fr\/wp-content\/uploads\/2019\/04\/dons.jpg\",\"contentUrl\":\"http:\/\/cassandralemaistre.fr\/wp-content\/uploads\/2019\/04\/dons.jpg\"},{\"@type\":\"BreadcrumbList\",\"@id\":\"https:\/\/cassandralemaistre.fr\/donateurs\/#breadcrumb\",\"itemListElement\":[{\"@type\":\"ListItem\",\"position\":1,\"name\":\"Home\",\"item\":\"https:\/\/cassandralemaistre.fr\/\"},{\"@type\":\"ListItem\",\"position\":2,\"name\":\"Donateurs\"}]},{\"@type\":\"WebSite\",\"@id\":\"https:\/\/cassandralemaistre.fr\/#website\",\"url\":\"https:\/\/cassandralemaistre.fr\/\",\"name\":\"Cassandra Le Maistre\",\"description\":\"Marque \u00c9veill\u00e9e et Audacieuse\",\"publisher\":{\"@id\":\"https:\/\/cassandralemaistre.fr\/#organization\"},\"potentialAction\":[{\"@type\":\"SearchAction\",\"target\":{\"@type\":\"EntryPoint\",\"urlTemplate\":\"https:\/\/cassandralemaistre.fr\/?s={search_term_string}\"},\"query-input\":\"required name=search_term_string\"}],\"inLanguage\":\"en-US\"},{\"@type\":\"Organization\",\"@id\":\"https:\/\/cassandralemaistre.fr\/#organization\",\"name\":\"Cassandra Le Maistre\",\"url\":\"https:\/\/cassandralemaistre.fr\/\",\"logo\":{\"@type\":\"ImageObject\",\"inLanguage\":\"en-US\",\"@id\":\"https:\/\/cassandralemaistre.fr\/#\/schema\/logo\/image\/\",\"url\":\"https:\/\/cassandralemaistre.fr\/wp-content\/uploads\/2019\/02\/unnamed.jpg\",\"contentUrl\":\"https:\/\/cassandralemaistre.fr\/wp-content\/uploads\/2019\/02\/unnamed.jpg\",\"width\":904,\"height\":815,\"caption\":\"Cassandra Le Maistre\"},\"image\":{\"@id\":\"https:\/\/cassandralemaistre.fr\/#\/schema\/logo\/image\/\"},\"sameAs\":[\"https:\/\/www.facebook.com\/cassandralemaist\",\"https:\/\/www.instagram.com\/cassandralemaistre\",\"https:\/\/www.pinterest.fr\/cassandra47011844\/\",\"https:\/\/www.youtube.com\/channel\/UCCHF5gVnhZpvofyRl9SCvLw\"]}]}<\/script>\n<!-- \/ Yoast SEO plugin. -->","yoast_head_json":{"title":"Donateurs &#8226; Cassandra Le Maistre","description":"Mes remerciements chaleureux \u00e0 tous les donateurs qui ont permis l\u2019accomplissement de mon r\u00eave le plus cher. Cassandra Le Maistre.","robots":{"index":"index","follow":"follow","max-snippet":"max-snippet:-1","max-image-preview":"max-image-preview:large","max-video-preview":"max-video-preview:-1"},"canonical":"https:\/\/cassandralemaistre.fr\/en\/donateurs\/","og_locale":"en_US","og_type":"article","og_title":"Donateurs &#8226; Cassandra Le Maistre","og_description":"Mes remerciements chaleureux \u00e0 tous les donateurs qui ont permis l\u2019accomplissement de mon r\u00eave le plus cher. Cassandra Le Maistre.","og_url":"https:\/\/cassandralemaistre.fr\/en\/donateurs\/","og_site_name":"Cassandra Le Maistre","article_publisher":"https:\/\/www.facebook.com\/cassandralemaist","article_modified_time":"2022-02-14T20:27:42+00:00","og_image":[{"url":"http:\/\/cassandralemaistre.fr\/wp-content\/uploads\/2019\/04\/dons.jpg"}],"twitter_card":"summary_large_image","schema":{"@context":"https:\/\/schema.org","@graph":[{"@type":"WebPage","@id":"https:\/\/cassandralemaistre.fr\/donateurs\/","url":"https:\/\/cassandralemaistre.fr\/donateurs\/","name":"Donateurs &#8226; Cassandra Le Maistre","isPartOf":{"@id":"https:\/\/cassandralemaistre.fr\/#website"},"primaryImageOfPage":{"@id":"https:\/\/cassandralemaistre.fr\/donateurs\/#primaryimage"},"image":{"@id":"https:\/\/cassandralemaistre.fr\/donateurs\/#primaryimage"},"thumbnailUrl":"http:\/\/cassandralemaistre.fr\/wp-content\/uploads\/2019\/04\/dons.jpg","datePublished":"2019-03-25T12:44:37+00:00","dateModified":"2022-02-14T20:27:42+00:00","description":"Mes remerciements chaleureux \u00e0 tous les donateurs qui ont permis l\u2019accomplissement de mon r\u00eave le plus cher. Cassandra Le Maistre.","breadcrumb":{"@id":"https:\/\/cassandralemaistre.fr\/donateurs\/#breadcrumb"},"inLanguage":"en-US","potentialAction":[{"@type":"ReadAction","target":["https:\/\/cassandralemaistre.fr\/donateurs\/"]}]},{"@type":"ImageObject","inLanguage":"en-US","@id":"https:\/\/cassandralemaistre.fr\/donateurs\/#primaryimage","url":"http:\/\/cassandralemaistre.fr\/wp-content\/uploads\/2019\/04\/dons.jpg","contentUrl":"http:\/\/cassandralemaistre.fr\/wp-content\/uploads\/2019\/04\/dons.jpg"},{"@type":"BreadcrumbList","@id":"https:\/\/cassandralemaistre.fr\/donateurs\/#breadcrumb","itemListElement":[{"@type":"ListItem","position":1,"name":"Home","item":"https:\/\/cassandralemaistre.fr\/"},{"@type":"ListItem","position":2,"name":"Donateurs"}]},{"@type":"WebSite","@id":"https:\/\/cassandralemaistre.fr\/#website","url":"https:\/\/cassandralemaistre.fr\/","name":"Cassandra Le Maistre","description":"Marque \u00c9veill\u00e9e et Audacieuse","publisher":{"@id":"https:\/\/cassandralemaistre.fr\/#organization"},"potentialAction":[{"@type":"SearchAction","target":{"@type":"EntryPoint","urlTemplate":"https:\/\/cassandralemaistre.fr\/?s={search_term_string}"},"query-input":"required name=search_term_string"}],"inLanguage":"en-US"},{"@type":"Organization","@id":"https:\/\/cassandralemaistre.fr\/#organization","name":"Cassandra Le Maistre","url":"https:\/\/cassandralemaistre.fr\/","logo":{"@type":"ImageObject","inLanguage":"en-US","@id":"https:\/\/cassandralemaistre.fr\/#\/schema\/logo\/image\/","url":"https:\/\/cassandralemaistre.fr\/wp-content\/uploads\/2019\/02\/unnamed.jpg","contentUrl":"https:\/\/cassandralemaistre.fr\/wp-content\/uploads\/2019\/02\/unnamed.jpg","width":904,"height":815,"caption":"Cassandra Le Maistre"},"image":{"@id":"https:\/\/cassandralemaistre.fr\/#\/schema\/logo\/image\/"},"sameAs":["https:\/\/www.facebook.com\/cassandralemaist","https:\/\/www.instagram.com\/cassandralemaistre","https:\/\/www.pinterest.fr\/cassandra47011844\/","https:\/\/www.youtube.com\/channel\/UCCHF5gVnhZpvofyRl9SCvLw"]}]}},"_links":{"self":[{"href":"https:\/\/cassandralemaistre.fr\/en\/wp-json\/wp\/v2\/pages\/1023"}],"collection":[{"href":"https:\/\/cassandralemaistre.fr\/en\/wp-json\/wp\/v2\/pages"}],"about":[{"href":"https:\/\/cassandralemaistre.fr\/en\/wp-json\/wp\/v2\/types\/page"}],"author":[{"embeddable":true,"href":"https:\/\/cassandralemaistre.fr\/en\/wp-json\/wp\/v2\/users\/1"}],"replies":[{"embeddable":true,"href":"https:\/\/cassandralemaistre.fr\/en\/wp-json\/wp\/v2\/comments?post=1023"}],"version-history":[{"count":11,"href":"https:\/\/cassandralemaistre.fr\/en\/wp-json\/wp\/v2\/pages\/1023\/revisions"}],"predecessor-version":[{"id":5816,"href":"https:\/\/cassandralemaistre.fr\/en\/wp-json\/wp\/v2\/pages\/1023\/revisions\/5816"}],"wp:attachment":[{"href":"https:\/\/cassandralemaistre.fr\/en\/wp-json\/wp\/v2\/media?parent=1023"}],"curies":[{"name":"wp","href":"https:\/\/api.w.org\/{rel}","templated":true}]}}