{"id":1021,"date":"2019-03-25T13:43:49","date_gmt":"2019-03-25T12:43:49","guid":{"rendered":"http:\/\/cassandralemaistre.fr\/?page_id=1021"},"modified":"2024-11-13T16:33:32","modified_gmt":"2024-11-13T15:33:32","slug":"mentions-legales","status":"publish","type":"page","link":"https:\/\/cassandralemaistre.fr\/en\/mentions-legales\/","title":{"rendered":"Legal Information"},"content":{"rendered":"<h3>1. Presentation of the site.<\/h3>\n<p class=\" translation-block\">Under article 6 of law n \u00b0 2004-575 of June 21, 2004 on confidence in the digital economy, users of the site are told <a> www \/ cassandralemaistre.fr <\/a> the identity of the various parties involved in its implementation and monitoring:<\/p>\n<p><strong>Propri\u00e9taire<\/strong> : Maison Cassandra Le Maistre \u2013 SAS au capital de 1000 euros, dont le si\u00e8ge sociale est situ\u00e9 au 36 rue de la Chapelle 97122 BAIE-MAHAULT (GUADELOUPE), immatricul\u00e9 au registre du commerce et des soci\u00e9t\u00e9s sous le num\u00e9ro d&rsquo;identification 922 164 777 00018 RCS POINTE-\u00c0-PITRE repr\u00e9sent\u00e9e par Cassandra Le Maistre en sa qualit\u00e9 de Dirigeant.<\/p>\n<p><strong>Responsable publication<\/strong> : Cassandra Le Maistre \u2013 contact@cassandralemaistre.fr<br \/>\nLe responsable publication est une personne physique ou une personne morale.<\/p>\n<p><strong>Webmaster<\/strong> : Kilking \u2013 contact@kilking.com<br \/>\n<strong>H\u00e9bergeur<\/strong> : Gaprod, France<br \/>\n<strong>Cr\u00e9dits :<\/strong> Cassandra Le Maistre<\/p>\n<h3>2. General conditions of use of the site and the services offered.<\/h3>\n<p>L\u2019utilisation du site <a href=\"https:\/\/cassandralemaistre.fr\/en\/\">https:\/\/cassandralemaistre.fr<\/a> implique l\u2019acceptation pleine et enti\u00e8re des conditions g\u00e9n\u00e9rales d\u2019utilisation ci-apr\u00e8s d\u00e9crites. Ces conditions d\u2019utilisation sont susceptibles d\u2019\u00eatre modifi\u00e9es ou compl\u00e9t\u00e9es \u00e0 tout moment, les utilisateurs du site <a href=\"https:\/\/cassandralemaistre.fr\/en\/\">https:\/\/cassandralemaistre.fr<\/a> sont donc invit\u00e9s \u00e0 les consulter de mani\u00e8re r\u00e9guli\u00e8re.<\/p>\n<p>This site is normally accessible to users at all times. An interruption due to technical maintenance may however be decided by Cassandra Le Maistre, who will then endeavor to communicate to users before the dates and times of the intervention.<\/p>\n<p>Le site <a href=\"https:\/\/cassandralemaistre.fr\/en\/\">https:\/\/cassandralemaistre.fr<\/a> est mis \u00e0 jour r\u00e9guli\u00e8rement par Cassandra Le Maistre. De la m\u00eame fa\u00e7on, les mentions l\u00e9gales peuvent \u00eatre modifi\u00e9es \u00e0 tout moment : elles s\u2019imposent n\u00e9anmoins \u00e0 l\u2019utilisateur qui est invit\u00e9 \u00e0 s\u2019y r\u00e9f\u00e9rer le plus souvent possible afin d\u2019en prendre connaissance.<\/p>\n<h3>3. Description of the services provided.<\/h3>\n<p>Le site <a href=\"https:\/\/cassandralemaistre.fr\/en\/\">https:\/\/cassandralemaistre.fr<\/a> a pour objet de pr\u00e9senter et vendre en ligne des articles de mode concernant l\u2019ensemble des activit\u00e9s de la soci\u00e9t\u00e9.<\/p>\n<p class=\" translation-block\">Cassandra Le Maistre strives to provide the <a href=\"http:\/\/www\/cassandralemaistre.fr\/\" target=\"_self\"> www \/ cassandralemaistre.fr <\/a> site with as accurate information as possible. However, it cannot be held responsible for omissions, inaccuracies and deficiencies in the update, whether it is its own fault or that of the third party partners who provide it with this information.<\/p>\n<p class=\" translation-block\">All the information indicated on the site <a href=\"http:\/\/www\/cassandralemaistre.fr\/\" target=\"_self\"> www \/ cassandralemaistre.fr <\/a> are given as an indication, and are likely to evolve . Furthermore, the information on the site <a href=\"http:\/\/www\/cassandralemaistre.fr\/\" target=\"_self\"> www \/ cassandralemaistre.fr <\/a> is not exhaustive. They are given subject to modifications having been made since they were put online.<\/p>\n<h3>4. Contractual limitations on technical data.<\/h3>\n<p>The site uses JavaScript technology.<\/p>\n<p>The website cannot be held responsible for material damage linked to the use of the site. In addition, the user of the site agrees to access the site using recent equipment, not containing any virus and with an up-to-date latest generation browser.<\/p>\n<h3>5. Intellectual property and counterfeits.<\/h3>\n<p>Cassandra Le Maistre owns the intellectual property rights or holds the rights of use on all the elements accessible on the site, in particular the texts, images, graphics, logo, icons, sounds, software.<\/p>\n<p>Any reproduction, representation, modification, publication, adaptation of all or part of the elements of the site, whatever the means or process used, is prohibited without the prior written permission of: Cassandra Le Maistre.<\/p>\n<p>Any unauthorized exploitation of the site or any of the elements it contains will be considered as constituting an infringement and prosecuted in accordance with the provisions of articles L.335-2 and following of the Intellectual Property Code.<\/p>\n<h3>6. Limitations of liability.<\/h3>\n<p>Cassandra Le Maistre cannot be held responsible for direct and indirect damage caused to user equipment, when accessing the site www \/ cassandralemaistre.fr, and resulting either from the use of equipment that does not meet specifications indicated in point 4, either the appearance of a bug or an incompatibility.<\/p>\n<p class=\" translation-block\">Cassandra Le Maistre can also not be held responsible for indirect damage (such as for example a loss of market or loss of a chance) consecutive to the use of the site <a> www \/ cassandralemaistre.fr <\/a>.<\/p>\n<p>Interactive spaces (possibility to ask questions in the contact space) are available to users. Cassandra Le Maistre reserves the right to delete, without prior notice, any content posted in this space that would violate the law applicable in France, in particular the provisions relating to data protection. If necessary, Cassandra Le Maistre also reserves the right to challenge the user's civil and \/ or criminal liability, in particular in the event of a racist, abusive, defamatory or pornographic message, whatever the medium used. (text, photography\u2026).<\/p>\n<h3>7. Management of personal data.<\/h3>\n<p>In France, personal data is notably protected by law n \u00b0 78-87 of January 6, 1978, law n \u00b0 2004-801 of August 6, 2004, article L. 226-13 of the Criminal Code and the European Directive of October 24, 1995.<\/p>\n<p class=\" translation-block\">When using the site <a href=\"http:\/\/www\/cassandralemaistre.fr\/\" target=\"_self\"> www \/ cassandralemaistre.fr <\/a>, can be collected: the URL of links through which the user has accessed <a href=\"http:\/\/www\/cassandralemaistre.fr\/\" target=\"_self\"> www \/ cassandralemaistre.fr <\/a>, the access provider the user's Internet Protocol (IP) address.<\/p>\n<p class=\" translation-block\">In any case Cassandra Le Maistre only collects personal information relating to the user for the need of certain services offered by the site <a href=\"http:\/\/www\/cassandralemaistre.fr\/\" target=\"_ self\"> www \/ cassandralemaistre.fr <\/a>. The user provides this information with full knowledge of the facts, in particular when he enters it himself. It is then clear to the site user <a href=\"http:\/\/www\/cassandralemaistre.fr\/\" target=\"_self\"> www \/ cassandralemaistre.fr <\/a> the obligation or not to provide this information .<\/p>\n<p>In accordance with the provisions of articles 38 and following of the law 78-17 of January 6, 1978 relating to data processing, the files and freedoms, any user has a right of access, rectification and opposition to the personal data concerning him, by making his written and signed request, accompanied by a copy of the identity document with signature of the holder of the document, specifying the address to which the response must be sent.<\/p>\n<p class=\" translation-block\">No personal information of the user of the site <a href=\"http:\/\/www\/cassandralemaistre.fr\/\" target=\"_self\"> www \/ cassandralemaistre.fr <\/a> is published without the knowledge of the user, exchanged, transferred, assigned or sold on any medium to third parties. Only the assumption of the redemption of Cassandra Le Maistre and its rights would allow the transmission of said information to the possible purchaser who would in turn be subject to the same obligation to store and modify data with respect to the user of the site <a href=\"http:\/\/www\/cassandralemaistre.fr\/\" target=\"_self\"> www \/ cassandralemaistre.fr <\/a>.<\/p>\n<p>The site is not declared to the CNIL because it does not collect personal information.<\/p>\n<p>The databases are protected by the provisions of the law of July 1, 1998 transposing Directive 96\/9 of March 11, 1996 on the legal protection of databases.<\/p>\n<h3>8. Hypertext links and cookies.<\/h3>\n<p class=\" translation-block\">The <a href=\"http:\/\/www\/cassandralemaistre.fr\/\" target=\"_self\"> www \/ cassandralemaistre.fr <\/a> site contains a number of hypertext links to other sites, set up with the authorization of Cassandra Le Maistre. However, Cassandra Le Maistre does not have the possibility to check the content of the sites thus visited, and will therefore assume no responsibility for this fact.<\/p>\n<p class=\" translation-block\">Navigation on the site <a href=\"http:\/\/www\/cassandralemaistre.fr\/\" target=\"_self\"> www \/ cassandralemaistre.fr <\/a> is likely to cause the installation of cookie (s) on the user's computer. A cookie is a small file, which does not allow the identification of the user, but which records information relating to the navigation of a computer on a site. The data thus obtained are intended to facilitate subsequent navigation on the site, and are also intended to allow various measures of attendance.<\/p>\n<p>Refusal to install a cookie may make it impossible to access certain services. The user can however configure his computer as follows, to refuse the installation of cookies:<\/p>\n<p>In Internet Explorer: tool tab (cog-shaped pictogram at the top right) \/ internet options. Click on Confidentiality and choose Block all cookies. Validate on Ok.<\/p>\n<p class=\" translation-block\">In Firefox: at the top of the browser window, click the Firefox button, then go to the Options tab. Click on the Privacy tab. <br> Configure the Storage rules on: use the personalized parameters for the history. Finally uncheck it to deactivate cookies.<\/p>\n<p>In Safari: Click at the top right of the browser on the menu pictogram (symbolized by a cog). Select Settings. Click on Show advanced settings. In the \"Confidentiality\" section, click on Content settings. In the \"Cookies\" section, you can block cookies.<\/p>\n<p>In Chrome: Click at the top right of the browser on the menu pictogram (symbolized by three horizontal lines). Select Settings. Click on Show advanced settings. In the \"Confidentiality\" section, click on preferences. In the \"Confidentiality\" tab, you can block cookies.<\/p>\n<h3>9. Applicable law and attribution of jurisdiction.<\/h3>\n<p class=\" translation-block\">Any dispute in connection with the use of the site <a href=\"http:\/\/www\/cassandralemaistre.fr\/\" target=\"_self\"> www \/ cassandralemaistre.fr <\/a> is subject to French law. Exclusive jurisdiction is given to the competent courts of Paris.<\/p>\n<h3>10. The main laws concerned.<\/h3>\n<p>Law n \u00b0 78-17 of January 6, 1978, in particular modified by law n \u00b0 2004-801 of August 6, 2004 relating to data processing, the files and freedoms.<\/p>\n<p>Law n \u00b0 2004-575 of June 21, 2004 for confidence in the digital economy.<\/p>\n<h3>11. Glossary.<\/h3>\n<p>User: Internet user connecting, using the aforementioned site.<\/p>\n<p>Personal information: \"information which allows, in any form whatsoever, directly or indirectly, the identification of the natural persons to whom they apply\" (article 4 of law n \u00b0 78-17 of January 6, 1978).<\/p>","protected":false},"excerpt":{"rendered":"<p>1. Pr\u00e9sentation du site. En vertu de l&rsquo;article 6 de la loi n\u00b0 2004-575 du 21 juin 2004 pour la confiance dans l&rsquo;\u00e9conomie num\u00e9rique, il est pr\u00e9cis\u00e9 aux utilisateurs du site www\/cassandralemaistre.fr l&rsquo;identit\u00e9 des diff\u00e9rents intervenants dans le cadre de sa r\u00e9alisation et de son suivi : Propri\u00e9taire : Maison Cassandra Le Maistre \u2013 SAS [&hellip;]<\/p>","protected":false},"author":1,"featured_media":0,"parent":0,"menu_order":0,"comment_status":"closed","ping_status":"closed","template":"","meta":{"om_disable_all_campaigns":false,"_monsterinsights_skip_tracking":false,"_monsterinsights_sitenote_active":false,"_monsterinsights_sitenote_note":"","_monsterinsights_sitenote_category":0,"_uf_show_specific_survey":0,"_uf_disable_surveys":false,"ocean_post_layout":"","ocean_both_sidebars_style":"","ocean_both_sidebars_content_width":0,"ocean_both_sidebars_sidebars_width":0,"ocean_sidebar":"","ocean_second_sidebar":"","ocean_disable_margins":"enable","ocean_add_body_class":"","ocean_shortcode_before_top_bar":"","ocean_shortcode_after_top_bar":"","ocean_shortcode_before_header":"","ocean_shortcode_after_header":"","ocean_has_shortcode":"","ocean_shortcode_after_title":"","ocean_shortcode_before_footer_widgets":"","ocean_shortcode_after_footer_widgets":"","ocean_shortcode_before_footer_bottom":"","ocean_shortcode_after_footer_bottom":"","ocean_display_top_bar":"default","ocean_display_header":"default","ocean_header_style":"","ocean_center_header_left_menu":"","ocean_custom_header_template":"","ocean_custom_logo":0,"ocean_custom_retina_logo":0,"ocean_custom_logo_max_width":0,"ocean_custom_logo_tablet_max_width":0,"ocean_custom_logo_mobile_max_width":0,"ocean_custom_logo_max_height":0,"ocean_custom_logo_tablet_max_height":0,"ocean_custom_logo_mobile_max_height":0,"ocean_header_custom_menu":"","ocean_menu_typo_font_family":"","ocean_menu_typo_font_subset":"","ocean_menu_typo_font_size":0,"ocean_menu_typo_font_size_tablet":0,"ocean_menu_typo_font_size_mobile":0,"ocean_menu_typo_font_size_unit":"px","ocean_menu_typo_font_weight":"","ocean_menu_typo_font_weight_tablet":"","ocean_menu_typo_font_weight_mobile":"","ocean_menu_typo_transform":"","ocean_menu_typo_transform_tablet":"","ocean_menu_typo_transform_mobile":"","ocean_menu_typo_line_height":0,"ocean_menu_typo_line_height_tablet":0,"ocean_menu_typo_line_height_mobile":0,"ocean_menu_typo_line_height_unit":"","ocean_menu_typo_spacing":0,"ocean_menu_typo_spacing_tablet":0,"ocean_menu_typo_spacing_mobile":0,"ocean_menu_typo_spacing_unit":"","ocean_menu_link_color":"","ocean_menu_link_color_hover":"","ocean_menu_link_color_active":"","ocean_menu_link_background":"","ocean_menu_link_hover_background":"","ocean_menu_link_active_background":"","ocean_menu_social_links_bg":"","ocean_menu_social_hover_links_bg":"","ocean_menu_social_links_color":"","ocean_menu_social_hover_links_color":"","ocean_disable_title":"default","ocean_disable_heading":"default","ocean_post_title":"","ocean_post_subheading":"","ocean_post_title_style":"","ocean_post_title_background_color":"","ocean_post_title_background":0,"ocean_post_title_bg_image_position":"","ocean_post_title_bg_image_attachment":"","ocean_post_title_bg_image_repeat":"","ocean_post_title_bg_image_size":"","ocean_post_title_height":0,"ocean_post_title_bg_overlay":0.5,"ocean_post_title_bg_overlay_color":"","ocean_disable_breadcrumbs":"default","ocean_breadcrumbs_color":"","ocean_breadcrumbs_separator_color":"","ocean_breadcrumbs_links_color":"","ocean_breadcrumbs_links_hover_color":"","ocean_display_footer_widgets":"default","ocean_display_footer_bottom":"default","ocean_custom_footer_template":"","footnotes":""},"aioseo_notices":[],"yoast_head":"<!-- This site is optimized with the Yoast SEO plugin v22.6 - https:\/\/yoast.com\/wordpress\/plugins\/seo\/ -->\n<title>Informations l\u00e9gales &#8226; Cassandra Le Maistre<\/title>\n<meta name=\"description\" content=\"Mentions l\u00e9gales : Cassandra Le Maistre \u2013 Micro-entrepreneur \u2013 849 479 555 00013 repertori\u00e9e \u00e0 la Chambre des m\u00e9tiers et de l\u2019Artisanat de Lille.\" \/>\n<meta name=\"robots\" content=\"index, follow, max-snippet:-1, max-image-preview:large, max-video-preview:-1\" \/>\n<link rel=\"canonical\" href=\"https:\/\/cassandralemaistre.fr\/en\/mentions-legales\/\" \/>\n<meta property=\"og:locale\" content=\"en_US\" \/>\n<meta property=\"og:type\" content=\"article\" \/>\n<meta property=\"og:title\" content=\"Informations l\u00e9gales &#8226; Cassandra Le Maistre\" \/>\n<meta property=\"og:description\" content=\"Mentions l\u00e9gales : Cassandra Le Maistre \u2013 Micro-entrepreneur \u2013 849 479 555 00013 repertori\u00e9e \u00e0 la Chambre des m\u00e9tiers et de l\u2019Artisanat de Lille.\" \/>\n<meta property=\"og:url\" content=\"https:\/\/cassandralemaistre.fr\/en\/mentions-legales\/\" \/>\n<meta property=\"og:site_name\" content=\"Cassandra Le Maistre\" \/>\n<meta property=\"article:publisher\" content=\"https:\/\/www.facebook.com\/cassandralemaist\" \/>\n<meta property=\"article:modified_time\" content=\"2024-11-13T15:33:32+00:00\" \/>\n<meta name=\"twitter:card\" content=\"summary_large_image\" \/>\n<script type=\"application\/ld+json\" class=\"yoast-schema-graph\">{\"@context\":\"https:\/\/schema.org\",\"@graph\":[{\"@type\":\"WebPage\",\"@id\":\"https:\/\/cassandralemaistre.fr\/mentions-legales\/\",\"url\":\"https:\/\/cassandralemaistre.fr\/mentions-legales\/\",\"name\":\"Informations l\u00e9gales &#8226; Cassandra Le Maistre\",\"isPartOf\":{\"@id\":\"https:\/\/cassandralemaistre.fr\/#website\"},\"datePublished\":\"2019-03-25T12:43:49+00:00\",\"dateModified\":\"2024-11-13T15:33:32+00:00\",\"description\":\"Mentions l\u00e9gales : Cassandra Le Maistre \u2013 Micro-entrepreneur \u2013 849 479 555 00013 repertori\u00e9e \u00e0 la Chambre des m\u00e9tiers et de l\u2019Artisanat de Lille.\",\"breadcrumb\":{\"@id\":\"https:\/\/cassandralemaistre.fr\/mentions-legales\/#breadcrumb\"},\"inLanguage\":\"en-US\",\"potentialAction\":[{\"@type\":\"ReadAction\",\"target\":[\"https:\/\/cassandralemaistre.fr\/mentions-legales\/\"]}]},{\"@type\":\"BreadcrumbList\",\"@id\":\"https:\/\/cassandralemaistre.fr\/mentions-legales\/#breadcrumb\",\"itemListElement\":[{\"@type\":\"ListItem\",\"position\":1,\"name\":\"Home\",\"item\":\"https:\/\/cassandralemaistre.fr\/\"},{\"@type\":\"ListItem\",\"position\":2,\"name\":\"Informations l\u00e9gales\"}]},{\"@type\":\"WebSite\",\"@id\":\"https:\/\/cassandralemaistre.fr\/#website\",\"url\":\"https:\/\/cassandralemaistre.fr\/\",\"name\":\"Cassandra Le Maistre\",\"description\":\"Marque \u00c9veill\u00e9e et Audacieuse\",\"publisher\":{\"@id\":\"https:\/\/cassandralemaistre.fr\/#organization\"},\"potentialAction\":[{\"@type\":\"SearchAction\",\"target\":{\"@type\":\"EntryPoint\",\"urlTemplate\":\"https:\/\/cassandralemaistre.fr\/?s={search_term_string}\"},\"query-input\":\"required name=search_term_string\"}],\"inLanguage\":\"en-US\"},{\"@type\":\"Organization\",\"@id\":\"https:\/\/cassandralemaistre.fr\/#organization\",\"name\":\"Cassandra Le Maistre\",\"url\":\"https:\/\/cassandralemaistre.fr\/\",\"logo\":{\"@type\":\"ImageObject\",\"inLanguage\":\"en-US\",\"@id\":\"https:\/\/cassandralemaistre.fr\/#\/schema\/logo\/image\/\",\"url\":\"https:\/\/cassandralemaistre.fr\/wp-content\/uploads\/2019\/02\/unnamed.jpg\",\"contentUrl\":\"https:\/\/cassandralemaistre.fr\/wp-content\/uploads\/2019\/02\/unnamed.jpg\",\"width\":904,\"height\":815,\"caption\":\"Cassandra Le Maistre\"},\"image\":{\"@id\":\"https:\/\/cassandralemaistre.fr\/#\/schema\/logo\/image\/\"},\"sameAs\":[\"https:\/\/www.facebook.com\/cassandralemaist\",\"https:\/\/www.instagram.com\/cassandralemaistre\",\"https:\/\/www.pinterest.fr\/cassandra47011844\/\",\"https:\/\/www.youtube.com\/channel\/UCCHF5gVnhZpvofyRl9SCvLw\"]}]}<\/script>\n<!-- \/ Yoast SEO plugin. -->","yoast_head_json":{"title":"Informations l\u00e9gales &#8226; Cassandra Le Maistre","description":"Mentions l\u00e9gales : Cassandra Le Maistre \u2013 Micro-entrepreneur \u2013 849 479 555 00013 repertori\u00e9e \u00e0 la Chambre des m\u00e9tiers et de l\u2019Artisanat de Lille.","robots":{"index":"index","follow":"follow","max-snippet":"max-snippet:-1","max-image-preview":"max-image-preview:large","max-video-preview":"max-video-preview:-1"},"canonical":"https:\/\/cassandralemaistre.fr\/en\/mentions-legales\/","og_locale":"en_US","og_type":"article","og_title":"Informations l\u00e9gales &#8226; Cassandra Le Maistre","og_description":"Mentions l\u00e9gales : Cassandra Le Maistre \u2013 Micro-entrepreneur \u2013 849 479 555 00013 repertori\u00e9e \u00e0 la Chambre des m\u00e9tiers et de l\u2019Artisanat de Lille.","og_url":"https:\/\/cassandralemaistre.fr\/en\/mentions-legales\/","og_site_name":"Cassandra Le Maistre","article_publisher":"https:\/\/www.facebook.com\/cassandralemaist","article_modified_time":"2024-11-13T15:33:32+00:00","twitter_card":"summary_large_image","schema":{"@context":"https:\/\/schema.org","@graph":[{"@type":"WebPage","@id":"https:\/\/cassandralemaistre.fr\/mentions-legales\/","url":"https:\/\/cassandralemaistre.fr\/mentions-legales\/","name":"Informations l\u00e9gales &#8226; Cassandra Le Maistre","isPartOf":{"@id":"https:\/\/cassandralemaistre.fr\/#website"},"datePublished":"2019-03-25T12:43:49+00:00","dateModified":"2024-11-13T15:33:32+00:00","description":"Mentions l\u00e9gales : Cassandra Le Maistre \u2013 Micro-entrepreneur \u2013 849 479 555 00013 repertori\u00e9e \u00e0 la Chambre des m\u00e9tiers et de l\u2019Artisanat de Lille.","breadcrumb":{"@id":"https:\/\/cassandralemaistre.fr\/mentions-legales\/#breadcrumb"},"inLanguage":"en-US","potentialAction":[{"@type":"ReadAction","target":["https:\/\/cassandralemaistre.fr\/mentions-legales\/"]}]},{"@type":"BreadcrumbList","@id":"https:\/\/cassandralemaistre.fr\/mentions-legales\/#breadcrumb","itemListElement":[{"@type":"ListItem","position":1,"name":"Home","item":"https:\/\/cassandralemaistre.fr\/"},{"@type":"ListItem","position":2,"name":"Informations l\u00e9gales"}]},{"@type":"WebSite","@id":"https:\/\/cassandralemaistre.fr\/#website","url":"https:\/\/cassandralemaistre.fr\/","name":"Cassandra Le Maistre","description":"Marque \u00c9veill\u00e9e et Audacieuse","publisher":{"@id":"https:\/\/cassandralemaistre.fr\/#organization"},"potentialAction":[{"@type":"SearchAction","target":{"@type":"EntryPoint","urlTemplate":"https:\/\/cassandralemaistre.fr\/?s={search_term_string}"},"query-input":"required name=search_term_string"}],"inLanguage":"en-US"},{"@type":"Organization","@id":"https:\/\/cassandralemaistre.fr\/#organization","name":"Cassandra Le Maistre","url":"https:\/\/cassandralemaistre.fr\/","logo":{"@type":"ImageObject","inLanguage":"en-US","@id":"https:\/\/cassandralemaistre.fr\/#\/schema\/logo\/image\/","url":"https:\/\/cassandralemaistre.fr\/wp-content\/uploads\/2019\/02\/unnamed.jpg","contentUrl":"https:\/\/cassandralemaistre.fr\/wp-content\/uploads\/2019\/02\/unnamed.jpg","width":904,"height":815,"caption":"Cassandra Le Maistre"},"image":{"@id":"https:\/\/cassandralemaistre.fr\/#\/schema\/logo\/image\/"},"sameAs":["https:\/\/www.facebook.com\/cassandralemaist","https:\/\/www.instagram.com\/cassandralemaistre","https:\/\/www.pinterest.fr\/cassandra47011844\/","https:\/\/www.youtube.com\/channel\/UCCHF5gVnhZpvofyRl9SCvLw"]}]}},"_links":{"self":[{"href":"https:\/\/cassandralemaistre.fr\/en\/wp-json\/wp\/v2\/pages\/1021"}],"collection":[{"href":"https:\/\/cassandralemaistre.fr\/en\/wp-json\/wp\/v2\/pages"}],"about":[{"href":"https:\/\/cassandralemaistre.fr\/en\/wp-json\/wp\/v2\/types\/page"}],"author":[{"embeddable":true,"href":"https:\/\/cassandralemaistre.fr\/en\/wp-json\/wp\/v2\/users\/1"}],"replies":[{"embeddable":true,"href":"https:\/\/cassandralemaistre.fr\/en\/wp-json\/wp\/v2\/comments?post=1021"}],"version-history":[{"count":6,"href":"https:\/\/cassandralemaistre.fr\/en\/wp-json\/wp\/v2\/pages\/1021\/revisions"}],"predecessor-version":[{"id":8657,"href":"https:\/\/cassandralemaistre.fr\/en\/wp-json\/wp\/v2\/pages\/1021\/revisions\/8657"}],"wp:attachment":[{"href":"https:\/\/cassandralemaistre.fr\/en\/wp-json\/wp\/v2\/media?parent=1021"}],"curies":[{"name":"wp","href":"https:\/\/api.w.org\/{rel}","templated":true}]}}